{"id":1001,"date":"2020-01-17T11:23:14","date_gmt":"2020-01-17T11:23:14","guid":{"rendered":"http:\/\/www.irishsetter.sk\/?page_id=1001"},"modified":"2024-03-20T07:04:39","modified_gmt":"2024-03-20T07:04:39","slug":"litter-ch","status":"publish","type":"page","link":"https:\/\/www.irishsetter.sk\/?page_id=1001","title":{"rendered":"LITTER CH"},"content":{"rendered":"\n<p> Birth of puppies : 12.05.2005<\/p>\n\n\n\n<p>Father: Satlas Man Overboad \u00a0 Matka: Dolly Jay Slovak Base<\/p>\n\n\n\n<p>10 puppies were born, 5 males and 5 females<\/p>\n\n\n\n<p>Dogs:<\/p>\n\n\n\n<p>Chamonyx Jay Slovak Base, tet.\u010d.: 1617<\/p>\n\n\n\n<p>Che Guevara Jay Slovak Base, tet.\u010d.: 1618<\/p>\n\n\n\n<p>Chandler Jay Slovak Base, tet.\u010d.: 1619, owner: Schuster Heinz, Austria<\/p>\n\n\n\n<p>Champion Jay Slovak Base, tet.\u010d.: 1620<\/p>\n\n\n\n<p>Charlie Jay Slovak Base, tet.\u010d.: 1621, owner: JUDr. Peter Hulla<\/p>\n\n\n\n<p>Famales:<\/p>\n\n\n\n<p>Chestnut\u2019s Jay Slovak Base, tet.\u010d.: 1622, owner: Michail a Evgenia Danilov,  Czech Republic <\/p>\n\n\n\n<p>Cherry Jay Slovak Base, tet.\u010d.: 1623, owner: Richard Ho\u0161ek,  Czech Republic <\/p>\n\n\n\n<p>Chardonnay Jay Slovak Base, tet.\u010d.: 1624, majite\u013e: Dagmar Sojkov\u00e1<\/p>\n\n\n\n<p>Charlotte Jay Slovak Base, tet.\u010d.: 1625<\/p>\n\n\n\n<p>Chevrolete Jay Slovak Base, tet.\u010d.: 1626A<\/p>\n","protected":false},"excerpt":{"rendered":"<p>Birth of puppies : 12.05.2005 Father: Satlas Man Overboad \u00a0 Matka: Dolly Jay Slovak Base 10 puppies were born, 5 males and 5 females Dogs: Chamonyx Jay Slovak Base, tet.\u010d.: 1617 Che Guevara Jay Slovak Base, tet.\u010d.: 1618 Chandler Jay Slovak Base, tet.\u010d.: 1619, owner: Schuster Heinz, Austria Champion Jay Slovak Base, tet.\u010d.: 1620 Charlie [&hellip;]<\/p>\n","protected":false},"author":4,"featured_media":0,"parent":0,"menu_order":0,"comment_status":"closed","ping_status":"closed","template":"","meta":{"footnotes":""},"_links":{"self":[{"href":"https:\/\/www.irishsetter.sk\/index.php?rest_route=\/wp\/v2\/pages\/1001"}],"collection":[{"href":"https:\/\/www.irishsetter.sk\/index.php?rest_route=\/wp\/v2\/pages"}],"about":[{"href":"https:\/\/www.irishsetter.sk\/index.php?rest_route=\/wp\/v2\/types\/page"}],"author":[{"embeddable":true,"href":"https:\/\/www.irishsetter.sk\/index.php?rest_route=\/wp\/v2\/users\/4"}],"replies":[{"embeddable":true,"href":"https:\/\/www.irishsetter.sk\/index.php?rest_route=%2Fwp%2Fv2%2Fcomments&post=1001"}],"version-history":[{"count":3,"href":"https:\/\/www.irishsetter.sk\/index.php?rest_route=\/wp\/v2\/pages\/1001\/revisions"}],"predecessor-version":[{"id":1171,"href":"https:\/\/www.irishsetter.sk\/index.php?rest_route=\/wp\/v2\/pages\/1001\/revisions\/1171"}],"wp:attachment":[{"href":"https:\/\/www.irishsetter.sk\/index.php?rest_route=%2Fwp%2Fv2%2Fmedia&parent=1001"}],"curies":[{"name":"wp","href":"https:\/\/api.w.org\/{rel}","templated":true}]}}