{"id":1008,"date":"2020-01-17T11:26:39","date_gmt":"2020-01-17T11:26:39","guid":{"rendered":"http:\/\/www.irishsetter.sk\/?page_id=1008"},"modified":"2024-03-20T07:04:48","modified_gmt":"2024-03-20T07:04:48","slug":"litter-e","status":"publish","type":"page","link":"https:\/\/www.irishsetter.sk\/?page_id=1008","title":{"rendered":"LITTER E"},"content":{"rendered":"<p>Birth of puppies: 08.11.2001<\/p>\n<p>Father: Vicary\u2019s Zorkadin \u00a0 Mother: Markiza od Zagrebacke Gore<\/p>\n<p>Born 7 puppies, 5 males and 2 females<\/p>\n<p>Dogs:<\/p>\n<p>Eddie Jay Slovak Base, tet.\u010d.: 1457<\/p>\n<p>Elton Jay Slovak Base, tet.\u010d.: 1458<\/p>\n<p>Error Jay Slovak Base, tet.\u010d.: 1459, UHYNUL, owner: Mari\u00e1n Kone\u010dn\u00fd<\/p>\n<p>Emir Jay Slovak Base, tet.\u010d.: 1460<\/p>\n<p>Elliot Jay Slovak Base, tet.\u010d.: 1461<\/p>\n<p>Famales:<\/p>\n<p>Estrada Jay Slovak Base, tet.\u010d.: 1462<\/p>\n<p>Ebony Jay Slovak Base, tet.\u010d.: 1463<\/p>\n","protected":false},"excerpt":{"rendered":"<p>Birth of puppies: 08.11.2001 Father: Vicary\u2019s Zorkadin \u00a0 Mother: Markiza od Zagrebacke Gore Born 7 puppies, 5 males and 2 females Dogs: Eddie Jay Slovak Base, tet.\u010d.: 1457 Elton Jay Slovak Base, tet.\u010d.: 1458 Error Jay Slovak Base, tet.\u010d.: 1459, UHYNUL, owner: Mari\u00e1n Kone\u010dn\u00fd Emir Jay Slovak Base, tet.\u010d.: 1460 Elliot Jay Slovak Base, tet.\u010d.: [&hellip;]<\/p>\n","protected":false},"author":4,"featured_media":0,"parent":0,"menu_order":0,"comment_status":"closed","ping_status":"closed","template":"","meta":{"footnotes":""},"_links":{"self":[{"href":"https:\/\/www.irishsetter.sk\/index.php?rest_route=\/wp\/v2\/pages\/1008"}],"collection":[{"href":"https:\/\/www.irishsetter.sk\/index.php?rest_route=\/wp\/v2\/pages"}],"about":[{"href":"https:\/\/www.irishsetter.sk\/index.php?rest_route=\/wp\/v2\/types\/page"}],"author":[{"embeddable":true,"href":"https:\/\/www.irishsetter.sk\/index.php?rest_route=\/wp\/v2\/users\/4"}],"replies":[{"embeddable":true,"href":"https:\/\/www.irishsetter.sk\/index.php?rest_route=%2Fwp%2Fv2%2Fcomments&post=1008"}],"version-history":[{"count":2,"href":"https:\/\/www.irishsetter.sk\/index.php?rest_route=\/wp\/v2\/pages\/1008\/revisions"}],"predecessor-version":[{"id":1179,"href":"https:\/\/www.irishsetter.sk\/index.php?rest_route=\/wp\/v2\/pages\/1008\/revisions\/1179"}],"wp:attachment":[{"href":"https:\/\/www.irishsetter.sk\/index.php?rest_route=%2Fwp%2Fv2%2Fmedia&parent=1008"}],"curies":[{"name":"wp","href":"https:\/\/api.w.org\/{rel}","templated":true}]}}