{"id":1017,"date":"2020-01-17T11:31:08","date_gmt":"2020-01-17T11:31:08","guid":{"rendered":"http:\/\/www.irishsetter.sk\/?page_id=1017"},"modified":"2024-03-20T07:04:58","modified_gmt":"2024-03-20T07:04:58","slug":"litter-h","status":"publish","type":"page","link":"https:\/\/www.irishsetter.sk\/?page_id=1017","title":{"rendered":"LITTER H"},"content":{"rendered":"<p>Birth of puppies: 20.02.2004<\/p>\n<p>Father: Satlas Man Overboard \u00a0 Mother: Beauty Jay Slovak Base<\/p>\n<p>10 puppies were born, 5 males and 5 females<\/p>\n<p>Dogs:<\/p>\n<p>Harry Jay Slovak Base, tet.\u010d.: 1569, owner: Dagmar Sojkov\u00e1<\/p>\n<p>Happy Jay Slovak Base, tet.\u010d.: 1570<\/p>\n<p>Hunter Jay Slovak Base, tet.\u010d.: 1571<\/p>\n<p>Harvey Jay Slovak Base, tet.\u010d.: 1572<\/p>\n<p>Hawkeye Jay Slovak Base, tet.\u010d.: 1573<\/p>\n<p>Famales:<\/p>\n<p>Hannah Jay Slovak Base, tet.\u010d.: 1574, owner: Peter Szunyog<\/p>\n<p>Honey Jay Slovak Base, tet.\u010d.: 1575, owner: Dr. De\u00e1k Judit, Hungary<\/p>\n<p>Hanny Jay Slovak Base, tet.\u010d.: 1576<\/p>\n<p>Halle Jay Slovak Base, tet.\u010d.: 1577<\/p>\n<p>Hillary Jay Slovak Base, tet.\u010d.: 1578<\/p>\n","protected":false},"excerpt":{"rendered":"<p>Birth of puppies: 20.02.2004 Father: Satlas Man Overboard \u00a0 Mother: Beauty Jay Slovak Base 10 puppies were born, 5 males and 5 females Dogs: Harry Jay Slovak Base, tet.\u010d.: 1569, owner: Dagmar Sojkov\u00e1 Happy Jay Slovak Base, tet.\u010d.: 1570 Hunter Jay Slovak Base, tet.\u010d.: 1571 Harvey Jay Slovak Base, tet.\u010d.: 1572 Hawkeye Jay Slovak Base, [&hellip;]<\/p>\n","protected":false},"author":4,"featured_media":0,"parent":0,"menu_order":0,"comment_status":"closed","ping_status":"closed","template":"","meta":{"footnotes":""},"_links":{"self":[{"href":"https:\/\/www.irishsetter.sk\/index.php?rest_route=\/wp\/v2\/pages\/1017"}],"collection":[{"href":"https:\/\/www.irishsetter.sk\/index.php?rest_route=\/wp\/v2\/pages"}],"about":[{"href":"https:\/\/www.irishsetter.sk\/index.php?rest_route=\/wp\/v2\/types\/page"}],"author":[{"embeddable":true,"href":"https:\/\/www.irishsetter.sk\/index.php?rest_route=\/wp\/v2\/users\/4"}],"replies":[{"embeddable":true,"href":"https:\/\/www.irishsetter.sk\/index.php?rest_route=%2Fwp%2Fv2%2Fcomments&post=1017"}],"version-history":[{"count":3,"href":"https:\/\/www.irishsetter.sk\/index.php?rest_route=\/wp\/v2\/pages\/1017\/revisions"}],"predecessor-version":[{"id":1175,"href":"https:\/\/www.irishsetter.sk\/index.php?rest_route=\/wp\/v2\/pages\/1017\/revisions\/1175"}],"wp:attachment":[{"href":"https:\/\/www.irishsetter.sk\/index.php?rest_route=%2Fwp%2Fv2%2Fmedia&parent=1017"}],"curies":[{"name":"wp","href":"https:\/\/api.w.org\/{rel}","templated":true}]}}