{"id":1020,"date":"2020-01-17T11:33:44","date_gmt":"2020-01-17T11:33:44","guid":{"rendered":"http:\/\/www.irishsetter.sk\/?page_id=1020"},"modified":"2024-03-20T07:05:22","modified_gmt":"2024-03-20T07:05:22","slug":"litter-i","status":"publish","type":"page","link":"https:\/\/www.irishsetter.sk\/?page_id=1020","title":{"rendered":"LITTER I"},"content":{"rendered":"<p>Birth of puppies: 06.01.2007<\/p>\n<p>Father: Irish-Vagabund Garden Star\u2019s \u00a0 Mother: Cinderella Jay Slovak Base<\/p>\n<p>Naroden\u00e9 8 \u0161teniatok, z toho 3 ps\u00edkovia a 5 su\u010diek<\/p>\n<p>Dogs:<\/p>\n<p>Indian Boy Jay Slovak Base, tet.\u010d.: 1666, owner: Jaroslav Filip, \u017dda\u0148a<\/p>\n<p>Irony Jay Slovak Base, tet.\u010d.: 1667<\/p>\n<p>Icy Breeze Jay Slovak Base, tet.\u010d.: 1668, owner: Bronislava Glonekov\u00e1, Liptovsk\u00fd Trnovec<\/p>\n<p>Famales:<\/p>\n<p>Irish Pride Jay Slovak Base, tet.\u010d.: 1669, owner: Oto B\u00e9re\u0161, Ve\u013ek\u00fd Krt\u00ed\u0161<\/p>\n<p>Inka Jay Slovak Base, tet.\u010d.: 1670, owner: Franz a Gerti Obermeier, Germany<\/p>\n<p>Iris Jay Slovak Base, tet.\u010d.: 1671, owner: Franz a Gerti Obermeier, Germany<\/p>\n<p>Ibrenn Jay Slovak Base, tet.\u010d.: 1672, owner: Robert a Silvia N\u00fcrnberger, Czech Republic<\/p>\n<div class=\"jhH5U\">\n<div id=\"tw-ob\" class=\"tw-src-ltr\">\n<div class=\"oSioSc\">\n<div id=\"tw-target\">\n<div id=\"kAz1tf\" class=\"g9WsWb\">\n<div id=\"tw-target-text-container\" class=\"tw-ta-container tw-nfl\" tabindex=\"0\">\n<p id=\"tw-target-text\" class=\"tw-data-text tw-text-large tw-ta\" dir=\"ltr\" data-placeholder=\"Preklad\">Infinity Jay Slovak Base, tet.\u010d.: 1673, majite\u013e: Michaela &amp; Christian Breinh\u00f6lder, Austria<\/p>\n<\/div>\n<\/div>\n<\/div>\n<\/div>\n<\/div>\n<\/div>\n","protected":false},"excerpt":{"rendered":"<p>Birth of puppies: 06.01.2007 Father: Irish-Vagabund Garden Star\u2019s \u00a0 Mother: Cinderella Jay Slovak Base Naroden\u00e9 8 \u0161teniatok, z toho 3 ps\u00edkovia a 5 su\u010diek Dogs: Indian Boy Jay Slovak Base, tet.\u010d.: 1666, owner: Jaroslav Filip, \u017dda\u0148a Irony Jay Slovak Base, tet.\u010d.: 1667 Icy Breeze Jay Slovak Base, tet.\u010d.: 1668, owner: Bronislava Glonekov\u00e1, Liptovsk\u00fd Trnovec Famales: [&hellip;]<\/p>\n","protected":false},"author":4,"featured_media":0,"parent":0,"menu_order":0,"comment_status":"closed","ping_status":"closed","template":"","meta":{"footnotes":""},"_links":{"self":[{"href":"https:\/\/www.irishsetter.sk\/index.php?rest_route=\/wp\/v2\/pages\/1020"}],"collection":[{"href":"https:\/\/www.irishsetter.sk\/index.php?rest_route=\/wp\/v2\/pages"}],"about":[{"href":"https:\/\/www.irishsetter.sk\/index.php?rest_route=\/wp\/v2\/types\/page"}],"author":[{"embeddable":true,"href":"https:\/\/www.irishsetter.sk\/index.php?rest_route=\/wp\/v2\/users\/4"}],"replies":[{"embeddable":true,"href":"https:\/\/www.irishsetter.sk\/index.php?rest_route=%2Fwp%2Fv2%2Fcomments&post=1020"}],"version-history":[{"count":2,"href":"https:\/\/www.irishsetter.sk\/index.php?rest_route=\/wp\/v2\/pages\/1020\/revisions"}],"predecessor-version":[{"id":1169,"href":"https:\/\/www.irishsetter.sk\/index.php?rest_route=\/wp\/v2\/pages\/1020\/revisions\/1169"}],"wp:attachment":[{"href":"https:\/\/www.irishsetter.sk\/index.php?rest_route=%2Fwp%2Fv2%2Fmedia&parent=1020"}],"curies":[{"name":"wp","href":"https:\/\/api.w.org\/{rel}","templated":true}]}}