{"id":1023,"date":"2020-01-17T11:35:15","date_gmt":"2020-01-17T11:35:15","guid":{"rendered":"http:\/\/www.irishsetter.sk\/?page_id=1023"},"modified":"2024-03-20T07:05:25","modified_gmt":"2024-03-20T07:05:25","slug":"litter-j","status":"publish","type":"page","link":"https:\/\/www.irishsetter.sk\/?page_id=1023","title":{"rendered":"LITTER J"},"content":{"rendered":"<div id=\"main\" class=\"site-main\">\n<div class=\"full-container\">\n<div id=\"primary\" class=\"content-area\">\n<div id=\"content\" class=\"site-content\" role=\"main\">\n<article id=\"post-670\" class=\"post-670 page type-page status-publish post\">\n<div class=\"entry-main\">\n<div class=\"entry-content\">\n<p>Birth of puppies: 04.04.2007<\/p>\n<p>Father: Kris-Wonderstar von der Igalffy-Igaly\u00a0 Mother Fairy-Tale Jay Slovak Base<\/p>\n<p id=\"tw-target-text\" class=\"tw-data-text tw-text-large tw-ta\" dir=\"ltr\" data-placeholder=\"Preklad\"><span lang=\"en\">Born 9 puppies, 4 males and 5 females<\/span><\/p>\n<p>Dogs:<\/p>\n<p>Jazza Jay Slovak Base, tet.\u010d.: 1685, owner: Veronika Smatanov\u00e1, Tovarn\u00edky<\/p>\n<p>Justin Jay Slovak Base, tet.\u010d.: 1686<\/p>\n<p>Just Jay Slovak Base, tet.\u010d.: 1687 ZOMREL<\/p>\n<p>Jumper Jay Slovak Base, tet.\u010d.: 1688<\/p>\n<p>Famales:<\/p>\n<p>Jay Jay Slovak Base, tet.\u010d.: 1689, owner: \u0160tefan Valask\u00fd, Sol\u010dany<\/p>\n<p>Jessy Jay Slovak Base, tet.\u010d.: 1690<\/p>\n<p>Jenifer Jay Slovak Base, tet.\u010d.: 1691, owner: Dr.Alexander H\u00f6nigmann, Austria<\/p>\n<p>Justice Jay Slovak Base, tet.\u010d.: 1692<\/p>\n<p>Jannie Jay Slovak Base, tet.\u010d.: 1693<\/p>\n<\/div>\n<\/div>\n<\/article>\n<\/div>\n<\/div>\n<\/div>\n<\/div>\n","protected":false},"excerpt":{"rendered":"<p>Birth of puppies: 04.04.2007 Father: Kris-Wonderstar von der Igalffy-Igaly\u00a0 Mother Fairy-Tale Jay Slovak Base Born 9 puppies, 4 males and 5 females Dogs: Jazza Jay Slovak Base, tet.\u010d.: 1685, owner: Veronika Smatanov\u00e1, Tovarn\u00edky Justin Jay Slovak Base, tet.\u010d.: 1686 Just Jay Slovak Base, tet.\u010d.: 1687 ZOMREL Jumper Jay Slovak Base, tet.\u010d.: 1688 Famales: Jay Jay [&hellip;]<\/p>\n","protected":false},"author":4,"featured_media":0,"parent":0,"menu_order":0,"comment_status":"closed","ping_status":"closed","template":"","meta":{"footnotes":""},"_links":{"self":[{"href":"https:\/\/www.irishsetter.sk\/index.php?rest_route=\/wp\/v2\/pages\/1023"}],"collection":[{"href":"https:\/\/www.irishsetter.sk\/index.php?rest_route=\/wp\/v2\/pages"}],"about":[{"href":"https:\/\/www.irishsetter.sk\/index.php?rest_route=\/wp\/v2\/types\/page"}],"author":[{"embeddable":true,"href":"https:\/\/www.irishsetter.sk\/index.php?rest_route=\/wp\/v2\/users\/4"}],"replies":[{"embeddable":true,"href":"https:\/\/www.irishsetter.sk\/index.php?rest_route=%2Fwp%2Fv2%2Fcomments&post=1023"}],"version-history":[{"count":3,"href":"https:\/\/www.irishsetter.sk\/index.php?rest_route=\/wp\/v2\/pages\/1023\/revisions"}],"predecessor-version":[{"id":1168,"href":"https:\/\/www.irishsetter.sk\/index.php?rest_route=\/wp\/v2\/pages\/1023\/revisions\/1168"}],"wp:attachment":[{"href":"https:\/\/www.irishsetter.sk\/index.php?rest_route=%2Fwp%2Fv2%2Fmedia&parent=1023"}],"curies":[{"name":"wp","href":"https:\/\/api.w.org\/{rel}","templated":true}]}}