{"id":1026,"date":"2020-01-17T11:37:05","date_gmt":"2020-01-17T11:37:05","guid":{"rendered":"http:\/\/www.irishsetter.sk\/?page_id=1026"},"modified":"2024-03-20T07:05:28","modified_gmt":"2024-03-20T07:05:28","slug":"litter-k","status":"publish","type":"page","link":"https:\/\/www.irishsetter.sk\/?page_id=1026","title":{"rendered":"LITTER K"},"content":{"rendered":"<p>Birth of puppies: 29.12.2007<\/p>\n<p>Father: Flash Jay Slovak Base\u00a0 Mother: Chardonnay Jay Slovak Base<\/p>\n<p id=\"tw-target-text\" class=\"tw-data-text tw-text-large tw-ta\" dir=\"ltr\" data-placeholder=\"Preklad\"><span lang=\"en\">10 puppies were born, 2 males and 8 females<\/span><\/p>\n<p>Dogs:<\/p>\n<p>Kasper Jay Slovak Base, tet.\u010d.: 1706<\/p>\n<p>King Jay Slovak Base, tet.\u010d.: 1707<\/p>\n<p>Famales<\/p>\n<p>Kask\u00e1da Jay Slovak Base, tet.\u010d.: 1708, Owner: Peter Hale\u0161, Borsk\u00fd Sv\u00e4t\u00fd Jur<\/p>\n<p>Kank\u00e1n Jay Slovak Base, tet.\u010d.: 1709, Owner: Dagmar Sojkov\u00e1<\/p>\n<p>Kassiopea Jay Slovak Base, tet.\u010d.: 1710, owner: Oto B\u00e9re\u0161, Ve\u013ek\u00fd Krt\u00ed\u0161<\/p>\n<p>Kitten Jay Slovak Base, tet.\u010d.: 1711<\/p>\n<p>Kitty Jay Slovak Base, tet.\u010d.: 1712, owner: Karin Eichenthal, Rak\u00fasko<\/p>\n<p>Kristy Jay Slovak Base, tet.\u010d.: 1713<\/p>\n<p>Krispy Jay Slovak Base, tet.\u010d.: 1714, owner: Mario Rudolf, Rak\u00fasko<\/p>\n<p>Karol\u00edn Jay Slovak Base, tet.\u010d.: 1715, owner: Gorel\u010d\u00edkov\u00e1 Jaroslava, Tren\u010d\u00edn,<\/p>\n","protected":false},"excerpt":{"rendered":"<p>Birth of puppies: 29.12.2007 Father: Flash Jay Slovak Base\u00a0 Mother: Chardonnay Jay Slovak Base 10 puppies were born, 2 males and 8 females Dogs: Kasper Jay Slovak Base, tet.\u010d.: 1706 King Jay Slovak Base, tet.\u010d.: 1707 Famales Kask\u00e1da Jay Slovak Base, tet.\u010d.: 1708, Owner: Peter Hale\u0161, Borsk\u00fd Sv\u00e4t\u00fd Jur Kank\u00e1n Jay Slovak Base, tet.\u010d.: 1709, [&hellip;]<\/p>\n","protected":false},"author":4,"featured_media":0,"parent":0,"menu_order":0,"comment_status":"closed","ping_status":"closed","template":"","meta":{"footnotes":""},"_links":{"self":[{"href":"https:\/\/www.irishsetter.sk\/index.php?rest_route=\/wp\/v2\/pages\/1026"}],"collection":[{"href":"https:\/\/www.irishsetter.sk\/index.php?rest_route=\/wp\/v2\/pages"}],"about":[{"href":"https:\/\/www.irishsetter.sk\/index.php?rest_route=\/wp\/v2\/types\/page"}],"author":[{"embeddable":true,"href":"https:\/\/www.irishsetter.sk\/index.php?rest_route=\/wp\/v2\/users\/4"}],"replies":[{"embeddable":true,"href":"https:\/\/www.irishsetter.sk\/index.php?rest_route=%2Fwp%2Fv2%2Fcomments&post=1026"}],"version-history":[{"count":2,"href":"https:\/\/www.irishsetter.sk\/index.php?rest_route=\/wp\/v2\/pages\/1026\/revisions"}],"predecessor-version":[{"id":1166,"href":"https:\/\/www.irishsetter.sk\/index.php?rest_route=\/wp\/v2\/pages\/1026\/revisions\/1166"}],"wp:attachment":[{"href":"https:\/\/www.irishsetter.sk\/index.php?rest_route=%2Fwp%2Fv2%2Fmedia&parent=1026"}],"curies":[{"name":"wp","href":"https:\/\/api.w.org\/{rel}","templated":true}]}}