{"id":1029,"date":"2020-01-17T11:38:51","date_gmt":"2020-01-17T11:38:51","guid":{"rendered":"http:\/\/www.irishsetter.sk\/?page_id=1029"},"modified":"2024-03-20T07:05:31","modified_gmt":"2024-03-20T07:05:31","slug":"litter-l","status":"publish","type":"page","link":"https:\/\/www.irishsetter.sk\/?page_id=1029","title":{"rendered":"LITTER L"},"content":{"rendered":"<p>Birth of puppies: 20.05.2008<\/p>\n<p class=\"tw-data-text tw-text-large tw-ta\" dir=\"ltr\" data-placeholder=\"Preklad\"><span lang=\"en\">Father:<\/span> Irish-Vagabund Garden Star\u2019s<\/p>\n<p id=\"tw-target-text\" class=\"tw-data-text tw-text-large tw-ta\" dir=\"ltr\" data-placeholder=\"Preklad\"><span lang=\"en\">Mother: <\/span>Cinderella Jay Slovak Base<\/p>\n<p id=\"tw-target-text\" class=\"tw-data-text tw-text-large tw-ta\" dir=\"ltr\" data-placeholder=\"Preklad\"><span lang=\"en\">Born 7 puppies, 1 male and 6 females<\/span><\/p>\n<p>Dogs:<\/p>\n<p>Lancelot Jay Slovak Base, tet.\u010d.: 1729<\/p>\n<p>Famales:<\/p>\n<p>Lara Jay Slovak Base, tet.\u010d.: 1730, owner: Dagmar Sojkov\u00e1<\/p>\n<p>Lily Jay Slovak Base, tet.\u010d.: 1731<\/p>\n<p>Laura Jay Slovak Base, tet.\u010d.: 1732<\/p>\n<p>Laessy Jay Slovak Base, tet.\u010d.: 1733<\/p>\n<p>Lady Jay Slovak Base, tet.\u010d.: 1734, owner: Beata Cerovsk\u00e1, \u010cierny Brod<\/p>\n<p>Lucky Jay Slovak Base, tet.\u010d.: 1735, owner: Petr Ut\u011b\u0161en\u00fd,\u00a0<span lang=\"en\">Czech Republic<\/span><\/p>\n","protected":false},"excerpt":{"rendered":"<p>Birth of puppies: 20.05.2008 Father: Irish-Vagabund Garden Star\u2019s Mother: Cinderella Jay Slovak Base Born 7 puppies, 1 male and 6 females Dogs: Lancelot Jay Slovak Base, tet.\u010d.: 1729 Famales: Lara Jay Slovak Base, tet.\u010d.: 1730, owner: Dagmar Sojkov\u00e1 Lily Jay Slovak Base, tet.\u010d.: 1731 Laura Jay Slovak Base, tet.\u010d.: 1732 Laessy Jay Slovak Base, tet.\u010d.: [&hellip;]<\/p>\n","protected":false},"author":4,"featured_media":0,"parent":0,"menu_order":0,"comment_status":"closed","ping_status":"closed","template":"","meta":{"footnotes":""},"_links":{"self":[{"href":"https:\/\/www.irishsetter.sk\/index.php?rest_route=\/wp\/v2\/pages\/1029"}],"collection":[{"href":"https:\/\/www.irishsetter.sk\/index.php?rest_route=\/wp\/v2\/pages"}],"about":[{"href":"https:\/\/www.irishsetter.sk\/index.php?rest_route=\/wp\/v2\/types\/page"}],"author":[{"embeddable":true,"href":"https:\/\/www.irishsetter.sk\/index.php?rest_route=\/wp\/v2\/users\/4"}],"replies":[{"embeddable":true,"href":"https:\/\/www.irishsetter.sk\/index.php?rest_route=%2Fwp%2Fv2%2Fcomments&post=1029"}],"version-history":[{"count":2,"href":"https:\/\/www.irishsetter.sk\/index.php?rest_route=\/wp\/v2\/pages\/1029\/revisions"}],"predecessor-version":[{"id":1165,"href":"https:\/\/www.irishsetter.sk\/index.php?rest_route=\/wp\/v2\/pages\/1029\/revisions\/1165"}],"wp:attachment":[{"href":"https:\/\/www.irishsetter.sk\/index.php?rest_route=%2Fwp%2Fv2%2Fmedia&parent=1029"}],"curies":[{"name":"wp","href":"https:\/\/api.w.org\/{rel}","templated":true}]}}