{"id":1032,"date":"2020-01-17T11:40:12","date_gmt":"2020-01-17T11:40:12","guid":{"rendered":"http:\/\/www.irishsetter.sk\/?page_id=1032"},"modified":"2024-03-20T07:05:35","modified_gmt":"2024-03-20T07:05:35","slug":"litter-m","status":"publish","type":"page","link":"https:\/\/www.irishsetter.sk\/?page_id=1032","title":{"rendered":"LITTER M"},"content":{"rendered":"<p id=\"tw-target-text\" class=\"tw-data-text tw-text-large tw-ta\" dir=\"ltr\" data-placeholder=\"Preklad\"><span lang=\"en\">Birth of puppies<\/span>: 15.07.2009<\/p>\n<p>Father: Rozzano Scotselaw<\/p>\n<p id=\"tw-target-text\" class=\"tw-data-text tw-text-large tw-ta\" dir=\"ltr\" data-placeholder=\"Preklad\"><span lang=\"en\">Mother<\/span>: Irish Pride Jay Slovak Base<\/p>\n<p id=\"tw-target-text\" class=\"tw-data-text tw-text-large tw-ta\" dir=\"ltr\" data-placeholder=\"Preklad\"><span lang=\"en\">10 puppies, 3 males and 7 females<\/span><\/p>\n<div id=\"tw-ob\" class=\"tw-src-ltr\">\n<div class=\"oSioSc\">\n<div id=\"tw-target\">\n<div id=\"kAz1tf\" class=\"g9WsWb\">\n<div id=\"tw-target-text-container\" class=\"tw-ta-container tw-nfl\" tabindex=\"0\">\n<p id=\"tw-target-text\" class=\"tw-data-text tw-text-large tw-ta\" dir=\"ltr\" data-placeholder=\"Preklad\"><span lang=\"en\">Dogs:<\/span><\/p>\n<\/div>\n<\/div>\n<\/div>\n<\/div>\n<\/div>\n<p>Mickey Jay Slovak Base, tet.\u010d.: 1746<\/p>\n<p>Maximus Jay Slovak Base, tet.\u010d.: 1747<\/p>\n<p>Monti Jay Slovak Base, tet.\u010d.:1748<\/p>\n<p id=\"tw-target-text\" class=\"tw-data-text tw-text-large tw-ta\" dir=\"ltr\" data-placeholder=\"Preklad\"><span lang=\"en\">Females:<\/span><\/p>\n<p>Mona Lisa Jay Slovak Base, tet.\u010d.: 1749<\/p>\n<p>Meggy Jay Slovak Base, tet.\u010d.: 1750,<\/p>\n<p id=\"tw-target-text\" class=\"tw-data-text tw-text-large tw-ta\" dir=\"ltr\" data-placeholder=\"Preklad\"><span lang=\"en\">Owner: Ivica Laura Urban\u010d\u00edkov\u00e1, Czech Republic<\/span><\/p>\n<p>Mia Jay Slovak Base, tet.\u010d.: 1751, owner: Dagmar Sojkov\u00e1<\/p>\n<p>Marilyn Jay Slovak Base, tet.\u010d.: 1752, owner: Jarom\u00edr Coufal, <span lang=\"en\">Czech Republic<\/span><\/p>\n<p>Minnie Jay Slovak Base, tet.\u010d.: 1753<\/p>\n<p>Mendi Jay Slovak Base, tet.\u010d.: 1754<\/p>\n<p>Merci Jay Slovak Base, tet.\u010d.: 1755<\/p>\n","protected":false},"excerpt":{"rendered":"<p>Birth of puppies: 15.07.2009 Father: Rozzano Scotselaw Mother: Irish Pride Jay Slovak Base 10 puppies, 3 males and 7 females Dogs: Mickey Jay Slovak Base, tet.\u010d.: 1746 Maximus Jay Slovak Base, tet.\u010d.: 1747 Monti Jay Slovak Base, tet.\u010d.:1748 Females: Mona Lisa Jay Slovak Base, tet.\u010d.: 1749 Meggy Jay Slovak Base, tet.\u010d.: 1750, Owner: Ivica Laura [&hellip;]<\/p>\n","protected":false},"author":4,"featured_media":0,"parent":0,"menu_order":0,"comment_status":"closed","ping_status":"closed","template":"","meta":{"footnotes":""},"_links":{"self":[{"href":"https:\/\/www.irishsetter.sk\/index.php?rest_route=\/wp\/v2\/pages\/1032"}],"collection":[{"href":"https:\/\/www.irishsetter.sk\/index.php?rest_route=\/wp\/v2\/pages"}],"about":[{"href":"https:\/\/www.irishsetter.sk\/index.php?rest_route=\/wp\/v2\/types\/page"}],"author":[{"embeddable":true,"href":"https:\/\/www.irishsetter.sk\/index.php?rest_route=\/wp\/v2\/users\/4"}],"replies":[{"embeddable":true,"href":"https:\/\/www.irishsetter.sk\/index.php?rest_route=%2Fwp%2Fv2%2Fcomments&post=1032"}],"version-history":[{"count":2,"href":"https:\/\/www.irishsetter.sk\/index.php?rest_route=\/wp\/v2\/pages\/1032\/revisions"}],"predecessor-version":[{"id":1164,"href":"https:\/\/www.irishsetter.sk\/index.php?rest_route=\/wp\/v2\/pages\/1032\/revisions\/1164"}],"wp:attachment":[{"href":"https:\/\/www.irishsetter.sk\/index.php?rest_route=%2Fwp%2Fv2%2Fmedia&parent=1032"}],"curies":[{"name":"wp","href":"https:\/\/api.w.org\/{rel}","templated":true}]}}