{"id":53,"date":"2020-01-15T18:12:26","date_gmt":"2020-01-15T18:12:26","guid":{"rendered":"http:\/\/www.irishsetter.sk\/?page_id=53"},"modified":"2024-03-20T07:07:39","modified_gmt":"2024-03-20T07:07:39","slug":"polovnictvo","status":"publish","type":"page","link":"https:\/\/www.irishsetter.sk\/?page_id=53","title":{"rendered":"Po\u013eovn\u00edctvo"},"content":{"rendered":"\n<p>V tejto \u010dasti by som v\u00e1m chcela predstavi\u0165 mojich psov po pracovnej str\u00e1nke, ako po\u013eovne upotrebite\u013en\u00e9 plemeno. Pravide\u013ene sa z\u00fa\u010dast\u0148ujem so svoj\u00edmi psami po\u013eovn\u00edckych sk\u00fa\u0161ok.<\/p>\n\n\n\n<h3 class=\"wp-block-heading\">Medzin\u00e1rodn\u00fd jarn\u00fd Field Trial Mal\u017eenice 14.04.2012<\/h3>\n\n\n\n<p>Mia Jay Slovak Base. Foto: (c) Peter R\u00e9dey<\/p>\n\n\n\n<figure class=\"wp-block-gallery has-nested-images columns-default is-cropped wp-block-gallery-1 is-layout-flex wp-block-gallery-is-layout-flex\">\n<figure class=\"wp-block-image size-large\"><img loading=\"lazy\" decoding=\"async\" width=\"457\" height=\"600\" data-id=\"727\" src=\"https:\/\/www.irishsetter.sk\/wp-content\/uploads\/2020\/01\/271-2.jpg\" alt=\"\" class=\"wp-image-727\" srcset=\"https:\/\/www.irishsetter.sk\/wp-content\/uploads\/2020\/01\/271-2.jpg 457w, https:\/\/www.irishsetter.sk\/wp-content\/uploads\/2020\/01\/271-2-229x300.jpg 229w\" sizes=\"(max-width: 457px) 100vw, 457px\" \/><\/figure>\n\n\n\n<figure class=\"wp-block-image size-large\"><img loading=\"lazy\" decoding=\"async\" width=\"800\" height=\"600\" data-id=\"728\" src=\"https:\/\/www.irishsetter.sk\/wp-content\/uploads\/2020\/01\/281-2.jpg\" alt=\"\" class=\"wp-image-728\" srcset=\"https:\/\/www.irishsetter.sk\/wp-content\/uploads\/2020\/01\/281-2.jpg 800w, https:\/\/www.irishsetter.sk\/wp-content\/uploads\/2020\/01\/281-2-300x225.jpg 300w, https:\/\/www.irishsetter.sk\/wp-content\/uploads\/2020\/01\/281-2-768x576.jpg 768w\" sizes=\"(max-width: 800px) 100vw, 800px\" \/><\/figure>\n<\/figure>\n\n\n\n<h2 class=\"wp-block-heading\"> Memori\u00e1l Kolomana Slim\u00e1ka 18. &#8211; 19.09.2010<\/h2>\n\n\n\n<p><br>Medzin\u00e1rodne v\u0161estrann\u00e9 sk\u00fa\u0161ky stava\u010dov, Doln\u00e1 Krup\u00e1.<br>Chardonnay Jay Slovak Base &#8211; III.cena, 406 bodov. Foto: (c) Tak\u00e1cs Eszter <\/p>\n\n\n\n<figure class=\"wp-block-gallery has-nested-images columns-0 is-cropped wp-block-gallery-2 is-layout-flex wp-block-gallery-is-layout-flex\">\n<figure class=\"wp-block-image size-large\"><img loading=\"lazy\" decoding=\"async\" width=\"403\" height=\"600\" data-id=\"730\" src=\"https:\/\/www.irishsetter.sk\/wp-content\/uploads\/2020\/01\/121-2.jpg\" alt=\"\" class=\"wp-image-730\" srcset=\"https:\/\/www.irishsetter.sk\/wp-content\/uploads\/2020\/01\/121-2.jpg 403w, https:\/\/www.irishsetter.sk\/wp-content\/uploads\/2020\/01\/121-2-202x300.jpg 202w\" sizes=\"(max-width: 403px) 100vw, 403px\" \/><\/figure>\n\n\n\n<figure class=\"wp-block-image size-large\"><img loading=\"lazy\" decoding=\"async\" width=\"391\" height=\"600\" data-id=\"731\" src=\"https:\/\/www.irishsetter.sk\/wp-content\/uploads\/2020\/01\/131-2.jpg\" alt=\"\" class=\"wp-image-731\" srcset=\"https:\/\/www.irishsetter.sk\/wp-content\/uploads\/2020\/01\/131-2.jpg 391w, https:\/\/www.irishsetter.sk\/wp-content\/uploads\/2020\/01\/131-2-196x300.jpg 196w\" sizes=\"(max-width: 391px) 100vw, 391px\" \/><\/figure>\n\n\n\n<figure class=\"wp-block-image size-large\"><img loading=\"lazy\" decoding=\"async\" width=\"417\" height=\"600\" data-id=\"732\" src=\"https:\/\/www.irishsetter.sk\/wp-content\/uploads\/2020\/01\/163.jpg\" alt=\"\" class=\"wp-image-732\" srcset=\"https:\/\/www.irishsetter.sk\/wp-content\/uploads\/2020\/01\/163.jpg 417w, https:\/\/www.irishsetter.sk\/wp-content\/uploads\/2020\/01\/163-209x300.jpg 209w\" sizes=\"(max-width: 417px) 100vw, 417px\" \/><\/figure>\n<\/figure>\n\n\n\n<h3 class=\"wp-block-heading\">Field trial<\/h3>\n\n\n\n<p>Chardonnay na klubovom FT, na klubovych JSS-prin\u00e1\u0161anie z vody.  <\/p>\n\n\n\n<h3 class=\"wp-block-heading\">Po\u013eova\u010dka<\/h3>\n\n\n\n<p>28.11.2009 som sa z\u00fa\u010dastnila s Chardonay po\u013eova\u010dky v PZ Jelesy Pie\u0161\u0165any<\/p>\n\n\n\n<p><\/p>\n\n\n\n<figure class=\"wp-block-gallery has-nested-images columns-default is-cropped wp-block-gallery-3 is-layout-flex wp-block-gallery-is-layout-flex\">\n<figure class=\"wp-block-image size-large\"><img loading=\"lazy\" decoding=\"async\" width=\"800\" height=\"552\" data-id=\"733\" src=\"https:\/\/www.irishsetter.sk\/wp-content\/uploads\/2020\/01\/141-2.jpg\" alt=\"\" class=\"wp-image-733\" srcset=\"https:\/\/www.irishsetter.sk\/wp-content\/uploads\/2020\/01\/141-2.jpg 800w, https:\/\/www.irishsetter.sk\/wp-content\/uploads\/2020\/01\/141-2-300x207.jpg 300w, https:\/\/www.irishsetter.sk\/wp-content\/uploads\/2020\/01\/141-2-768x530.jpg 768w\" sizes=\"(max-width: 800px) 100vw, 800px\" \/><\/figure>\n\n\n\n<figure class=\"wp-block-image size-large\"><img loading=\"lazy\" decoding=\"async\" width=\"400\" height=\"600\" data-id=\"734\" src=\"https:\/\/www.irishsetter.sk\/wp-content\/uploads\/2020\/01\/151-3.jpg\" alt=\"\" class=\"wp-image-734\" srcset=\"https:\/\/www.irishsetter.sk\/wp-content\/uploads\/2020\/01\/151-3.jpg 400w, https:\/\/www.irishsetter.sk\/wp-content\/uploads\/2020\/01\/151-3-200x300.jpg 200w\" sizes=\"(max-width: 400px) 100vw, 400px\" \/><\/figure>\n\n\n\n<figure class=\"wp-block-image size-large\"><img loading=\"lazy\" decoding=\"async\" width=\"800\" height=\"533\" data-id=\"735\" src=\"https:\/\/www.irishsetter.sk\/wp-content\/uploads\/2020\/01\/171-1.jpg\" alt=\"\" class=\"wp-image-735\" srcset=\"https:\/\/www.irishsetter.sk\/wp-content\/uploads\/2020\/01\/171-1.jpg 800w, https:\/\/www.irishsetter.sk\/wp-content\/uploads\/2020\/01\/171-1-300x200.jpg 300w, https:\/\/www.irishsetter.sk\/wp-content\/uploads\/2020\/01\/171-1-768x512.jpg 768w, https:\/\/www.irishsetter.sk\/wp-content\/uploads\/2020\/01\/171-1-272x182.jpg 272w\" sizes=\"(max-width: 800px) 100vw, 800px\" \/><\/figure>\n<\/figure>\n\n\n\n<figure class=\"wp-block-gallery has-nested-images columns-default is-cropped wp-block-gallery-4 is-layout-flex wp-block-gallery-is-layout-flex\">\n<figure class=\"wp-block-image size-large\"><img loading=\"lazy\" decoding=\"async\" width=\"800\" height=\"533\" data-id=\"736\" src=\"https:\/\/www.irishsetter.sk\/wp-content\/uploads\/2020\/01\/181-1.jpg\" alt=\"\" class=\"wp-image-736\" srcset=\"https:\/\/www.irishsetter.sk\/wp-content\/uploads\/2020\/01\/181-1.jpg 800w, https:\/\/www.irishsetter.sk\/wp-content\/uploads\/2020\/01\/181-1-300x200.jpg 300w, https:\/\/www.irishsetter.sk\/wp-content\/uploads\/2020\/01\/181-1-768x512.jpg 768w, https:\/\/www.irishsetter.sk\/wp-content\/uploads\/2020\/01\/181-1-272x182.jpg 272w\" sizes=\"(max-width: 800px) 100vw, 800px\" \/><\/figure>\n\n\n\n<figure class=\"wp-block-image size-large\"><img loading=\"lazy\" decoding=\"async\" width=\"800\" height=\"533\" data-id=\"738\" src=\"https:\/\/www.irishsetter.sk\/wp-content\/uploads\/2020\/01\/201.jpg\" alt=\"\" class=\"wp-image-738\" srcset=\"https:\/\/www.irishsetter.sk\/wp-content\/uploads\/2020\/01\/201.jpg 800w, https:\/\/www.irishsetter.sk\/wp-content\/uploads\/2020\/01\/201-300x200.jpg 300w, https:\/\/www.irishsetter.sk\/wp-content\/uploads\/2020\/01\/201-768x512.jpg 768w, https:\/\/www.irishsetter.sk\/wp-content\/uploads\/2020\/01\/201-272x182.jpg 272w\" sizes=\"(max-width: 800px) 100vw, 800px\" \/><\/figure>\n\n\n\n<figure class=\"wp-block-image size-large\"><img loading=\"lazy\" decoding=\"async\" width=\"800\" height=\"533\" data-id=\"739\" src=\"https:\/\/www.irishsetter.sk\/wp-content\/uploads\/2020\/01\/191-3.jpg\" alt=\"\" class=\"wp-image-739\" srcset=\"https:\/\/www.irishsetter.sk\/wp-content\/uploads\/2020\/01\/191-3.jpg 800w, https:\/\/www.irishsetter.sk\/wp-content\/uploads\/2020\/01\/191-3-300x200.jpg 300w, https:\/\/www.irishsetter.sk\/wp-content\/uploads\/2020\/01\/191-3-768x512.jpg 768w, https:\/\/www.irishsetter.sk\/wp-content\/uploads\/2020\/01\/191-3-272x182.jpg 272w\" sizes=\"(max-width: 800px) 100vw, 800px\" \/><\/figure>\n\n\n\n<figure class=\"wp-block-image size-large\"><img loading=\"lazy\" decoding=\"async\" width=\"800\" height=\"597\" data-id=\"740\" src=\"https:\/\/www.irishsetter.sk\/wp-content\/uploads\/2020\/01\/211.jpg\" alt=\"\" class=\"wp-image-740\" srcset=\"https:\/\/www.irishsetter.sk\/wp-content\/uploads\/2020\/01\/211.jpg 800w, https:\/\/www.irishsetter.sk\/wp-content\/uploads\/2020\/01\/211-300x224.jpg 300w, https:\/\/www.irishsetter.sk\/wp-content\/uploads\/2020\/01\/211-768x573.jpg 768w\" sizes=\"(max-width: 800px) 100vw, 800px\" \/><\/figure>\n\n\n\n<figure class=\"wp-block-image size-large\"><img loading=\"lazy\" decoding=\"async\" width=\"400\" height=\"600\" data-id=\"741\" src=\"https:\/\/www.irishsetter.sk\/wp-content\/uploads\/2020\/01\/221-1.jpg\" alt=\"\" class=\"wp-image-741\" srcset=\"https:\/\/www.irishsetter.sk\/wp-content\/uploads\/2020\/01\/221-1.jpg 400w, https:\/\/www.irishsetter.sk\/wp-content\/uploads\/2020\/01\/221-1-200x300.jpg 200w\" sizes=\"(max-width: 400px) 100vw, 400px\" \/><\/figure>\n\n\n\n<figure class=\"wp-block-image size-large\"><img loading=\"lazy\" decoding=\"async\" width=\"406\" height=\"600\" data-id=\"742\" src=\"https:\/\/www.irishsetter.sk\/wp-content\/uploads\/2020\/01\/261-1.jpg\" alt=\"\" class=\"wp-image-742\" srcset=\"https:\/\/www.irishsetter.sk\/wp-content\/uploads\/2020\/01\/261-1.jpg 406w, https:\/\/www.irishsetter.sk\/wp-content\/uploads\/2020\/01\/261-1-203x300.jpg 203w\" sizes=\"(max-width: 406px) 100vw, 406px\" \/><\/figure>\n<\/figure>\n\n\n\n<figure class=\"wp-block-gallery has-nested-images columns-default is-cropped wp-block-gallery-5 is-layout-flex wp-block-gallery-is-layout-flex\">\n<figure class=\"wp-block-image size-large\"><img loading=\"lazy\" decoding=\"async\" width=\"800\" height=\"600\" data-id=\"743\" src=\"https:\/\/www.irishsetter.sk\/wp-content\/uploads\/2020\/01\/11-2.jpg\" alt=\"\" class=\"wp-image-743\" srcset=\"https:\/\/www.irishsetter.sk\/wp-content\/uploads\/2020\/01\/11-2.jpg 800w, https:\/\/www.irishsetter.sk\/wp-content\/uploads\/2020\/01\/11-2-300x225.jpg 300w, https:\/\/www.irishsetter.sk\/wp-content\/uploads\/2020\/01\/11-2-768x576.jpg 768w\" sizes=\"(max-width: 800px) 100vw, 800px\" \/><\/figure>\n\n\n\n<figure class=\"wp-block-image size-large\"><img loading=\"lazy\" decoding=\"async\" width=\"800\" height=\"600\" data-id=\"744\" src=\"https:\/\/www.irishsetter.sk\/wp-content\/uploads\/2020\/01\/21-1.jpg\" alt=\"\" class=\"wp-image-744\" srcset=\"https:\/\/www.irishsetter.sk\/wp-content\/uploads\/2020\/01\/21-1.jpg 800w, https:\/\/www.irishsetter.sk\/wp-content\/uploads\/2020\/01\/21-1-300x225.jpg 300w, https:\/\/www.irishsetter.sk\/wp-content\/uploads\/2020\/01\/21-1-768x576.jpg 768w\" sizes=\"(max-width: 800px) 100vw, 800px\" \/><\/figure>\n\n\n\n<figure class=\"wp-block-image size-large\"><img loading=\"lazy\" decoding=\"async\" width=\"450\" height=\"600\" data-id=\"745\" src=\"https:\/\/www.irishsetter.sk\/wp-content\/uploads\/2020\/01\/31-1.jpg\" alt=\"\" class=\"wp-image-745\" srcset=\"https:\/\/www.irishsetter.sk\/wp-content\/uploads\/2020\/01\/31-1.jpg 450w, https:\/\/www.irishsetter.sk\/wp-content\/uploads\/2020\/01\/31-1-225x300.jpg 225w\" sizes=\"(max-width: 450px) 100vw, 450px\" \/><\/figure>\n<\/figure>\n\n\n\n<figure class=\"wp-block-gallery has-nested-images columns-default is-cropped wp-block-gallery-6 is-layout-flex wp-block-gallery-is-layout-flex\">\n<figure class=\"wp-block-image size-large\"><img loading=\"lazy\" decoding=\"async\" width=\"800\" height=\"600\" data-id=\"746\" src=\"https:\/\/www.irishsetter.sk\/wp-content\/uploads\/2020\/01\/41-1.jpg\" alt=\"\" class=\"wp-image-746\" srcset=\"https:\/\/www.irishsetter.sk\/wp-content\/uploads\/2020\/01\/41-1.jpg 800w, https:\/\/www.irishsetter.sk\/wp-content\/uploads\/2020\/01\/41-1-300x225.jpg 300w, https:\/\/www.irishsetter.sk\/wp-content\/uploads\/2020\/01\/41-1-768x576.jpg 768w\" sizes=\"(max-width: 800px) 100vw, 800px\" \/><\/figure>\n\n\n\n<figure class=\"wp-block-image size-large\"><img loading=\"lazy\" decoding=\"async\" width=\"800\" height=\"600\" data-id=\"747\" src=\"https:\/\/www.irishsetter.sk\/wp-content\/uploads\/2020\/01\/51.jpg\" alt=\"\" class=\"wp-image-747\" srcset=\"https:\/\/www.irishsetter.sk\/wp-content\/uploads\/2020\/01\/51.jpg 800w, https:\/\/www.irishsetter.sk\/wp-content\/uploads\/2020\/01\/51-300x225.jpg 300w, https:\/\/www.irishsetter.sk\/wp-content\/uploads\/2020\/01\/51-768x576.jpg 768w\" sizes=\"(max-width: 800px) 100vw, 800px\" \/><\/figure>\n\n\n\n<figure class=\"wp-block-image size-large\"><img loading=\"lazy\" decoding=\"async\" width=\"800\" height=\"600\" data-id=\"748\" src=\"https:\/\/www.irishsetter.sk\/wp-content\/uploads\/2020\/01\/61-1.jpg\" alt=\"\" class=\"wp-image-748\" srcset=\"https:\/\/www.irishsetter.sk\/wp-content\/uploads\/2020\/01\/61-1.jpg 800w, https:\/\/www.irishsetter.sk\/wp-content\/uploads\/2020\/01\/61-1-300x225.jpg 300w, https:\/\/www.irishsetter.sk\/wp-content\/uploads\/2020\/01\/61-1-768x576.jpg 768w\" sizes=\"(max-width: 800px) 100vw, 800px\" \/><\/figure>\n\n\n\n<figure class=\"wp-block-image size-large\"><img loading=\"lazy\" decoding=\"async\" width=\"800\" height=\"600\" data-id=\"749\" src=\"https:\/\/www.irishsetter.sk\/wp-content\/uploads\/2020\/01\/71-3.jpg\" alt=\"\" class=\"wp-image-749\" srcset=\"https:\/\/www.irishsetter.sk\/wp-content\/uploads\/2020\/01\/71-3.jpg 800w, https:\/\/www.irishsetter.sk\/wp-content\/uploads\/2020\/01\/71-3-300x225.jpg 300w, https:\/\/www.irishsetter.sk\/wp-content\/uploads\/2020\/01\/71-3-768x576.jpg 768w\" sizes=\"(max-width: 800px) 100vw, 800px\" \/><\/figure>\n\n\n\n<figure class=\"wp-block-image size-large\"><img loading=\"lazy\" decoding=\"async\" width=\"800\" height=\"600\" data-id=\"750\" src=\"https:\/\/www.irishsetter.sk\/wp-content\/uploads\/2020\/01\/81-3.jpg\" alt=\"\" class=\"wp-image-750\" srcset=\"https:\/\/www.irishsetter.sk\/wp-content\/uploads\/2020\/01\/81-3.jpg 800w, https:\/\/www.irishsetter.sk\/wp-content\/uploads\/2020\/01\/81-3-300x225.jpg 300w, https:\/\/www.irishsetter.sk\/wp-content\/uploads\/2020\/01\/81-3-768x576.jpg 768w\" sizes=\"(max-width: 800px) 100vw, 800px\" \/><\/figure>\n<\/figure>\n","protected":false},"excerpt":{"rendered":"<p>V tejto \u010dasti by som v\u00e1m chcela predstavi\u0165 mojich psov po pracovnej str\u00e1nke, ako po\u013eovne upotrebite\u013en\u00e9 plemeno. Pravide\u013ene sa z\u00fa\u010dast\u0148ujem so svoj\u00edmi psami po\u013eovn\u00edckych sk\u00fa\u0161ok. Medzin\u00e1rodn\u00fd jarn\u00fd Field Trial Mal\u017eenice 14.04.2012 Mia Jay Slovak Base. Foto: (c) Peter R\u00e9dey Memori\u00e1l Kolomana Slim\u00e1ka 18. &#8211; 19.09.2010 Medzin\u00e1rodne v\u0161estrann\u00e9 sk\u00fa\u0161ky stava\u010dov, Doln\u00e1 Krup\u00e1.Chardonnay Jay Slovak Base &#8211; [&hellip;]<\/p>\n","protected":false},"author":4,"featured_media":0,"parent":0,"menu_order":0,"comment_status":"closed","ping_status":"closed","template":"","meta":{"footnotes":""},"_links":{"self":[{"href":"https:\/\/www.irishsetter.sk\/index.php?rest_route=\/wp\/v2\/pages\/53"}],"collection":[{"href":"https:\/\/www.irishsetter.sk\/index.php?rest_route=\/wp\/v2\/pages"}],"about":[{"href":"https:\/\/www.irishsetter.sk\/index.php?rest_route=\/wp\/v2\/types\/page"}],"author":[{"embeddable":true,"href":"https:\/\/www.irishsetter.sk\/index.php?rest_route=\/wp\/v2\/users\/4"}],"replies":[{"embeddable":true,"href":"https:\/\/www.irishsetter.sk\/index.php?rest_route=%2Fwp%2Fv2%2Fcomments&post=53"}],"version-history":[{"count":8,"href":"https:\/\/www.irishsetter.sk\/index.php?rest_route=\/wp\/v2\/pages\/53\/revisions"}],"predecessor-version":[{"id":1272,"href":"https:\/\/www.irishsetter.sk\/index.php?rest_route=\/wp\/v2\/pages\/53\/revisions\/1272"}],"wp:attachment":[{"href":"https:\/\/www.irishsetter.sk\/index.php?rest_route=%2Fwp%2Fv2%2Fmedia&parent=53"}],"curies":[{"name":"wp","href":"https:\/\/api.w.org\/{rel}","templated":true}]}}