{"id":670,"date":"2020-01-17T11:35:15","date_gmt":"2020-01-17T11:35:15","guid":{"rendered":"http:\/\/www.irishsetter.sk\/?page_id=670"},"modified":"2024-03-20T07:09:23","modified_gmt":"2024-03-20T07:09:23","slug":"vrh-j","status":"publish","type":"page","link":"https:\/\/www.irishsetter.sk\/?page_id=670","title":{"rendered":"VRH J"},"content":{"rendered":"\n<p>Narodenie \u0161teniatok: 04.04.2007<\/p>\n\n\n\n<p>Otec: Kris-Wonderstar von der Igalffy-Igaly &nbsp; Matka: Fairy-Tale Jay Slovak Base<\/p>\n\n\n\n<p>Naroden\u00e9 9 \u0161teniatok, z toho 4 ps\u00edkovia a 5 su\u010diek<\/p>\n\n\n\n<p>Psy:<\/p>\n\n\n\n<p>Jazza Jay Slovak Base, tet.\u010d.: 1685, majite\u013e: Veronika Smatanov\u00e1, Tovarn\u00edky<\/p>\n\n\n\n<p>Justin Jay Slovak Base, tet.\u010d.: 1686<\/p>\n\n\n\n<p>Just Jay Slovak Base, tet.\u010d.: 1687 ZOMREL<\/p>\n\n\n\n<p>Jumper Jay Slovak Base, tet.\u010d.: 1688<\/p>\n\n\n\n<p>Su\u010dky:<\/p>\n\n\n\n<p>Jay Jay Slovak Base, tet.\u010d.: 1689, majite\u013e: \u0160tefan Valask\u00fd, Sol\u010dany<\/p>\n\n\n\n<p>Jessy Jay Slovak Base, tet.\u010d.: 1690<\/p>\n\n\n\n<p>Jenifer Jay Slovak Base, tet.\u010d.: 1691, majite\u013e: Dr.Alexander H\u00f6nigmann, Rak\u00fasko<\/p>\n\n\n\n<p>Justice Jay Slovak Base, tet.\u010d.: 1692<\/p>\n\n\n\n<p>Jannie Jay Slovak Base, tet.\u010d.: 1693<\/p>\n","protected":false},"excerpt":{"rendered":"<p>Narodenie \u0161teniatok: 04.04.2007 Otec: Kris-Wonderstar von der Igalffy-Igaly &nbsp; Matka: Fairy-Tale Jay Slovak Base Naroden\u00e9 9 \u0161teniatok, z toho 4 ps\u00edkovia a 5 su\u010diek Psy: Jazza Jay Slovak Base, tet.\u010d.: 1685, majite\u013e: Veronika Smatanov\u00e1, Tovarn\u00edky Justin Jay Slovak Base, tet.\u010d.: 1686 Just Jay Slovak Base, tet.\u010d.: 1687 ZOMREL Jumper Jay Slovak Base, tet.\u010d.: 1688 Su\u010dky: [&hellip;]<\/p>\n","protected":false},"author":4,"featured_media":0,"parent":0,"menu_order":0,"comment_status":"closed","ping_status":"closed","template":"","meta":{"footnotes":""},"_links":{"self":[{"href":"https:\/\/www.irishsetter.sk\/index.php?rest_route=\/wp\/v2\/pages\/670"}],"collection":[{"href":"https:\/\/www.irishsetter.sk\/index.php?rest_route=\/wp\/v2\/pages"}],"about":[{"href":"https:\/\/www.irishsetter.sk\/index.php?rest_route=\/wp\/v2\/types\/page"}],"author":[{"embeddable":true,"href":"https:\/\/www.irishsetter.sk\/index.php?rest_route=\/wp\/v2\/users\/4"}],"replies":[{"embeddable":true,"href":"https:\/\/www.irishsetter.sk\/index.php?rest_route=%2Fwp%2Fv2%2Fcomments&post=670"}],"version-history":[{"count":2,"href":"https:\/\/www.irishsetter.sk\/index.php?rest_route=\/wp\/v2\/pages\/670\/revisions"}],"predecessor-version":[{"id":673,"href":"https:\/\/www.irishsetter.sk\/index.php?rest_route=\/wp\/v2\/pages\/670\/revisions\/673"}],"wp:attachment":[{"href":"https:\/\/www.irishsetter.sk\/index.php?rest_route=%2Fwp%2Fv2%2Fmedia&parent=670"}],"curies":[{"name":"wp","href":"https:\/\/api.w.org\/{rel}","templated":true}]}}