{"id":715,"date":"2020-01-17T11:19:10","date_gmt":"2020-01-17T11:19:10","guid":{"rendered":"http:\/\/www.irishsetter.sk\/?page_id=715"},"modified":"2024-03-20T07:08:56","modified_gmt":"2024-03-20T07:08:56","slug":"vrh-b","status":"publish","type":"page","link":"https:\/\/www.irishsetter.sk\/?page_id=715","title":{"rendered":"VRH B"},"content":{"rendered":"\n<p>Narodenie \u0161teniatok: 13.07.1997<\/p>\n\n\n\n<p>Otec: Vicary\u2019s Noble-Son &nbsp; Matka: Viky Me\u0161kov dvor<\/p>\n\n\n\n<p>Naroden\u00e9 5 \u0161teniatok, v\u0161etko su\u010dky<\/p>\n\n\n\n<p>Su\u010dky:<\/p>\n\n\n\n<p>Beauty Jay Slovak Base, tet.\u010d.: 1225, UHYNULA, majite\u013e: Dagmar Sojkov\u00e1 www.irishsetter.sk<\/p>\n\n\n\n<p>Brenda Jay Slovak Base, tet.\u010d.: 1226,&nbsp; UHYNULA, majite\u013e: Karol Me\u0161ko, Ivanka pri Dunaji<\/p>\n\n\n\n<p>Bessie Jay Slovak Base, tet.\u010d.: 1227<\/p>\n\n\n\n<p>Belinda Jay Slovak Base, tet.\u010d.: 1228,&nbsp; UHYNULA, majite\u013e: ???, \u017dilina<\/p>\n\n\n\n<p>Brook Jay Slovak Base, tet.\u010d.: 1229<\/p>\n","protected":false},"excerpt":{"rendered":"<p>Narodenie \u0161teniatok: 13.07.1997 Otec: Vicary\u2019s Noble-Son &nbsp; Matka: Viky Me\u0161kov dvor Naroden\u00e9 5 \u0161teniatok, v\u0161etko su\u010dky Su\u010dky: Beauty Jay Slovak Base, tet.\u010d.: 1225, UHYNULA, majite\u013e: Dagmar Sojkov\u00e1 www.irishsetter.sk Brenda Jay Slovak Base, tet.\u010d.: 1226,&nbsp; UHYNULA, majite\u013e: Karol Me\u0161ko, Ivanka pri Dunaji Bessie Jay Slovak Base, tet.\u010d.: 1227 Belinda Jay Slovak Base, tet.\u010d.: 1228,&nbsp; UHYNULA, majite\u013e: [&hellip;]<\/p>\n","protected":false},"author":4,"featured_media":0,"parent":0,"menu_order":0,"comment_status":"closed","ping_status":"closed","template":"","meta":{"footnotes":""},"_links":{"self":[{"href":"https:\/\/www.irishsetter.sk\/index.php?rest_route=\/wp\/v2\/pages\/715"}],"collection":[{"href":"https:\/\/www.irishsetter.sk\/index.php?rest_route=\/wp\/v2\/pages"}],"about":[{"href":"https:\/\/www.irishsetter.sk\/index.php?rest_route=\/wp\/v2\/types\/page"}],"author":[{"embeddable":true,"href":"https:\/\/www.irishsetter.sk\/index.php?rest_route=\/wp\/v2\/users\/4"}],"replies":[{"embeddable":true,"href":"https:\/\/www.irishsetter.sk\/index.php?rest_route=%2Fwp%2Fv2%2Fcomments&post=715"}],"version-history":[{"count":2,"href":"https:\/\/www.irishsetter.sk\/index.php?rest_route=\/wp\/v2\/pages\/715\/revisions"}],"predecessor-version":[{"id":718,"href":"https:\/\/www.irishsetter.sk\/index.php?rest_route=\/wp\/v2\/pages\/715\/revisions\/718"}],"wp:attachment":[{"href":"https:\/\/www.irishsetter.sk\/index.php?rest_route=%2Fwp%2Fv2%2Fmedia&parent=715"}],"curies":[{"name":"wp","href":"https:\/\/api.w.org\/{rel}","templated":true}]}}