{"id":720,"date":"2020-01-17T11:16:09","date_gmt":"2020-01-17T11:16:09","guid":{"rendered":"http:\/\/www.irishsetter.sk\/?page_id=720"},"modified":"2024-03-20T07:08:51","modified_gmt":"2024-03-20T07:08:51","slug":"vrh-a","status":"publish","type":"page","link":"https:\/\/www.irishsetter.sk\/?page_id=720","title":{"rendered":"VRH A"},"content":{"rendered":"\n<p>Narodenie \u0161teniatok: 15.03.1995<\/p>\n\n\n\n<p>Otec: Tamwood Minder &nbsp; Matka: Viky Me\u0161kov dvor<\/p>\n\n\n\n<p>Naroden\u00e9 7 \u0161teniatok, z toho 3 ps\u00edkovia a 4 su\u010dky<\/p>\n\n\n\n<p>Psy:<\/p>\n\n\n\n<p>Andy Slovak Base, tet.\u010d.: 1040<\/p>\n\n\n\n<p>Art Slovak Base, tet.\u010d.: 1041<\/p>\n\n\n\n<p>Aston Slovak Base, tet.\u010d.: 1042<\/p>\n\n\n\n<p>Su\u010dky:<\/p>\n\n\n\n<p>Abbey Slovak Base, tet.\u010d.: 1043, UHYNULA, majite\u013e: Dagmar Sojkov\u00e1 www.irishsetter.sk<\/p>\n\n\n\n<p>Althea Slovak Base, tet.\u010d.: 1044<\/p>\n\n\n\n<p>Annabel Slovak Base, tet.\u010d.: 1045<\/p>\n\n\n\n<p>Aretha Slovak Base, tet.\u010d.: 1046<\/p>\n","protected":false},"excerpt":{"rendered":"<p>Narodenie \u0161teniatok: 15.03.1995 Otec: Tamwood Minder &nbsp; Matka: Viky Me\u0161kov dvor Naroden\u00e9 7 \u0161teniatok, z toho 3 ps\u00edkovia a 4 su\u010dky Psy: Andy Slovak Base, tet.\u010d.: 1040 Art Slovak Base, tet.\u010d.: 1041 Aston Slovak Base, tet.\u010d.: 1042 Su\u010dky: Abbey Slovak Base, tet.\u010d.: 1043, UHYNULA, majite\u013e: Dagmar Sojkov\u00e1 www.irishsetter.sk Althea Slovak Base, tet.\u010d.: 1044 Annabel Slovak [&hellip;]<\/p>\n","protected":false},"author":4,"featured_media":0,"parent":0,"menu_order":0,"comment_status":"closed","ping_status":"closed","template":"","meta":{"footnotes":""},"_links":{"self":[{"href":"https:\/\/www.irishsetter.sk\/index.php?rest_route=\/wp\/v2\/pages\/720"}],"collection":[{"href":"https:\/\/www.irishsetter.sk\/index.php?rest_route=\/wp\/v2\/pages"}],"about":[{"href":"https:\/\/www.irishsetter.sk\/index.php?rest_route=\/wp\/v2\/types\/page"}],"author":[{"embeddable":true,"href":"https:\/\/www.irishsetter.sk\/index.php?rest_route=\/wp\/v2\/users\/4"}],"replies":[{"embeddable":true,"href":"https:\/\/www.irishsetter.sk\/index.php?rest_route=%2Fwp%2Fv2%2Fcomments&post=720"}],"version-history":[{"count":2,"href":"https:\/\/www.irishsetter.sk\/index.php?rest_route=\/wp\/v2\/pages\/720\/revisions"}],"predecessor-version":[{"id":723,"href":"https:\/\/www.irishsetter.sk\/index.php?rest_route=\/wp\/v2\/pages\/720\/revisions\/723"}],"wp:attachment":[{"href":"https:\/\/www.irishsetter.sk\/index.php?rest_route=%2Fwp%2Fv2%2Fmedia&parent=720"}],"curies":[{"name":"wp","href":"https:\/\/api.w.org\/{rel}","templated":true}]}}