{"id":753,"date":"2020-01-15T18:26:59","date_gmt":"2020-01-15T18:26:59","guid":{"rendered":"http:\/\/www.irishsetter.sk\/?page_id=753"},"modified":"2024-03-20T07:07:59","modified_gmt":"2024-03-20T07:07:59","slug":"steniatka","status":"publish","type":"page","link":"https:\/\/www.irishsetter.sk\/?page_id=753","title":{"rendered":"\u0160teniatka"},"content":{"rendered":"\n<p> Berieme&nbsp;<strong>rezerv\u00e1cie na \u0161teniatka<\/strong>, ktor\u00e9 sa narodili v&nbsp;<strong>16.&nbsp;apr\u00edla 2019&nbsp;<\/strong>na\u0161ej Saphinke. Rezerv\u00e1cie na m.\u010d. 0905 729 478 alebo dasasojka@gmail.com <\/p>\n\n\n\n<figure class=\"wp-block-gallery has-nested-images columns-default is-cropped wp-block-gallery-1 is-layout-flex wp-block-gallery-is-layout-flex\">\n<figure class=\"wp-block-image size-large\"><img loading=\"lazy\" decoding=\"async\" width=\"500\" height=\"376\" data-id=\"756\" src=\"https:\/\/www.irishsetter.sk\/wp-content\/uploads\/2020\/01\/59295167_10216512509262775_874123340493619200_n1.jpg\" alt=\"\" class=\"wp-image-756\" srcset=\"https:\/\/www.irishsetter.sk\/wp-content\/uploads\/2020\/01\/59295167_10216512509262775_874123340493619200_n1.jpg 500w, https:\/\/www.irishsetter.sk\/wp-content\/uploads\/2020\/01\/59295167_10216512509262775_874123340493619200_n1-300x226.jpg 300w\" sizes=\"(max-width: 500px) 100vw, 500px\" \/><\/figure>\n\n\n\n<figure class=\"wp-block-image size-large\"><img loading=\"lazy\" decoding=\"async\" width=\"250\" height=\"334\" data-id=\"757\" src=\"https:\/\/www.irishsetter.sk\/wp-content\/uploads\/2020\/01\/59393126_10216563096247418_6100788387252273152_n1.jpg\" alt=\"\" class=\"wp-image-757\" srcset=\"https:\/\/www.irishsetter.sk\/wp-content\/uploads\/2020\/01\/59393126_10216563096247418_6100788387252273152_n1.jpg 250w, https:\/\/www.irishsetter.sk\/wp-content\/uploads\/2020\/01\/59393126_10216563096247418_6100788387252273152_n1-225x300.jpg 225w\" sizes=\"(max-width: 250px) 100vw, 250px\" \/><\/figure>\n\n\n\n<figure class=\"wp-block-image size-large\"><img loading=\"lazy\" decoding=\"async\" width=\"250\" height=\"333\" data-id=\"758\" src=\"https:\/\/www.irishsetter.sk\/wp-content\/uploads\/2020\/01\/59654822_10216563096927435_4184883225459425280_n1.jpg\" alt=\"\" class=\"wp-image-758\" srcset=\"https:\/\/www.irishsetter.sk\/wp-content\/uploads\/2020\/01\/59654822_10216563096927435_4184883225459425280_n1.jpg 250w, https:\/\/www.irishsetter.sk\/wp-content\/uploads\/2020\/01\/59654822_10216563096927435_4184883225459425280_n1-225x300.jpg 225w\" sizes=\"(max-width: 250px) 100vw, 250px\" \/><\/figure>\n\n\n\n<figure class=\"wp-block-image size-large\"><img loading=\"lazy\" decoding=\"async\" width=\"250\" height=\"333\" data-id=\"760\" src=\"https:\/\/www.irishsetter.sk\/wp-content\/uploads\/2020\/01\/59654822_10216563096927435_4184883225459425280_n1-1.jpg\" alt=\"\" class=\"wp-image-760\" srcset=\"https:\/\/www.irishsetter.sk\/wp-content\/uploads\/2020\/01\/59654822_10216563096927435_4184883225459425280_n1-1.jpg 250w, https:\/\/www.irishsetter.sk\/wp-content\/uploads\/2020\/01\/59654822_10216563096927435_4184883225459425280_n1-1-225x300.jpg 225w\" sizes=\"(max-width: 250px) 100vw, 250px\" \/><\/figure>\n\n\n\n<figure class=\"wp-block-image size-large\"><img loading=\"lazy\" decoding=\"async\" width=\"250\" height=\"358\" data-id=\"761\" src=\"https:\/\/www.irishsetter.sk\/wp-content\/uploads\/2020\/01\/59332289_10216563098087464_3605462695228211200_n1.jpg\" alt=\"\" class=\"wp-image-761\" srcset=\"https:\/\/www.irishsetter.sk\/wp-content\/uploads\/2020\/01\/59332289_10216563098087464_3605462695228211200_n1.jpg 250w, https:\/\/www.irishsetter.sk\/wp-content\/uploads\/2020\/01\/59332289_10216563098087464_3605462695228211200_n1-209x300.jpg 209w\" sizes=\"(max-width: 250px) 100vw, 250px\" \/><\/figure>\n\n\n\n<figure class=\"wp-block-image size-large\"><img loading=\"lazy\" decoding=\"async\" width=\"250\" height=\"333\" data-id=\"762\" src=\"https:\/\/www.irishsetter.sk\/wp-content\/uploads\/2020\/01\/58003898_10216466074501935_2272956972909199360_n1.jpg\" alt=\"\" class=\"wp-image-762\" srcset=\"https:\/\/www.irishsetter.sk\/wp-content\/uploads\/2020\/01\/58003898_10216466074501935_2272956972909199360_n1.jpg 250w, https:\/\/www.irishsetter.sk\/wp-content\/uploads\/2020\/01\/58003898_10216466074501935_2272956972909199360_n1-225x300.jpg 225w\" sizes=\"(max-width: 250px) 100vw, 250px\" \/><\/figure>\n\n\n\n<figure class=\"wp-block-image size-large\"><img loading=\"lazy\" decoding=\"async\" width=\"500\" height=\"671\" data-id=\"763\" src=\"https:\/\/www.irishsetter.sk\/wp-content\/uploads\/2020\/01\/55437896_10216277415625581_2421655771558182912_n1.jpg\" alt=\"\" class=\"wp-image-763\" srcset=\"https:\/\/www.irishsetter.sk\/wp-content\/uploads\/2020\/01\/55437896_10216277415625581_2421655771558182912_n1.jpg 500w, https:\/\/www.irishsetter.sk\/wp-content\/uploads\/2020\/01\/55437896_10216277415625581_2421655771558182912_n1-224x300.jpg 224w\" sizes=\"(max-width: 500px) 100vw, 500px\" \/><\/figure>\n<\/figure>\n\n\n\n<p>Berieme rezerv\u00e1cie na \u0161teniatka, ktor\u00e9 sa narodia koncom marca 2018 na\u0161ej Stelke.<br><\/p>\n\n\n\n<figure class=\"wp-block-gallery has-nested-images columns-default is-cropped wp-block-gallery-2 is-layout-flex wp-block-gallery-is-layout-flex\">\n<figure class=\"wp-block-image size-large\"><img loading=\"lazy\" decoding=\"async\" width=\"496\" height=\"700\" data-id=\"764\" src=\"https:\/\/www.irishsetter.sk\/wp-content\/uploads\/2020\/01\/28234833_1892849944072719_3419743679832536292_o_1_800x6001.jpg\" alt=\"\" class=\"wp-image-764\" srcset=\"https:\/\/www.irishsetter.sk\/wp-content\/uploads\/2020\/01\/28234833_1892849944072719_3419743679832536292_o_1_800x6001.jpg 496w, https:\/\/www.irishsetter.sk\/wp-content\/uploads\/2020\/01\/28234833_1892849944072719_3419743679832536292_o_1_800x6001-213x300.jpg 213w\" sizes=\"(max-width: 496px) 100vw, 496px\" \/><\/figure>\n\n\n\n<figure class=\"wp-block-image size-large\"><img loading=\"lazy\" decoding=\"async\" width=\"500\" height=\"707\" data-id=\"765\" src=\"https:\/\/www.irishsetter.sk\/wp-content\/uploads\/2020\/01\/zpo_11.jpg\" alt=\"\" class=\"wp-image-765\" srcset=\"https:\/\/www.irishsetter.sk\/wp-content\/uploads\/2020\/01\/zpo_11.jpg 500w, https:\/\/www.irishsetter.sk\/wp-content\/uploads\/2020\/01\/zpo_11-212x300.jpg 212w\" sizes=\"(max-width: 500px) 100vw, 500px\" \/><\/figure>\n<\/figure>\n\n\n\n<p>Berieme rezerv\u00e1cie na vrh \u0161teniatok, ktor\u00e9 sa narodia za\u010diatkom augusta 2017. Matka LARA Jay Slovak Base.<\/p>\n\n\n\n<p>\u0160teniatka vhodn\u00e9 na v\u00fdstavy, chov, po\u013eovn\u00edctvo a pre rados\u0165, iba do miluj\u00facich a zodpovedn\u00fdch rod\u00edn.<\/p>\n\n\n\n<p>Vpripade z\u00e1ujmu n\u00e1s kontaktujte na:<\/p>\n\n\n\n<p>Kontakt: +421 905 729 478 dasasojka@gmail.com<\/p>\n\n\n\n<figure class=\"wp-block-gallery has-nested-images columns-default is-cropped wp-block-gallery-3 is-layout-flex wp-block-gallery-is-layout-flex\">\n<figure class=\"wp-block-image size-large\"><img loading=\"lazy\" decoding=\"async\" width=\"800\" height=\"530\" data-id=\"766\" src=\"https:\/\/www.irishsetter.sk\/wp-content\/uploads\/2020\/01\/113.jpg\" alt=\"\" class=\"wp-image-766\" srcset=\"https:\/\/www.irishsetter.sk\/wp-content\/uploads\/2020\/01\/113.jpg 800w, https:\/\/www.irishsetter.sk\/wp-content\/uploads\/2020\/01\/113-300x199.jpg 300w, https:\/\/www.irishsetter.sk\/wp-content\/uploads\/2020\/01\/113-768x509.jpg 768w\" sizes=\"(max-width: 800px) 100vw, 800px\" \/><\/figure>\n\n\n\n<figure class=\"wp-block-image size-large\"><img loading=\"lazy\" decoding=\"async\" width=\"480\" height=\"270\" data-id=\"767\" src=\"https:\/\/www.irishsetter.sk\/wp-content\/uploads\/2020\/01\/121-3.jpg\" alt=\"\" class=\"wp-image-767\" srcset=\"https:\/\/www.irishsetter.sk\/wp-content\/uploads\/2020\/01\/121-3.jpg 480w, https:\/\/www.irishsetter.sk\/wp-content\/uploads\/2020\/01\/121-3-300x169.jpg 300w\" sizes=\"(max-width: 480px) 100vw, 480px\" \/><\/figure>\n\n\n\n<figure class=\"wp-block-image size-large\"><img loading=\"lazy\" decoding=\"async\" width=\"800\" height=\"600\" data-id=\"768\" src=\"https:\/\/www.irishsetter.sk\/wp-content\/uploads\/2020\/01\/171-2.jpg\" alt=\"\" class=\"wp-image-768\" srcset=\"https:\/\/www.irishsetter.sk\/wp-content\/uploads\/2020\/01\/171-2.jpg 800w, https:\/\/www.irishsetter.sk\/wp-content\/uploads\/2020\/01\/171-2-300x225.jpg 300w, https:\/\/www.irishsetter.sk\/wp-content\/uploads\/2020\/01\/171-2-768x576.jpg 768w\" sizes=\"(max-width: 800px) 100vw, 800px\" \/><\/figure>\n\n\n\n<figure class=\"wp-block-image size-large\"><img loading=\"lazy\" decoding=\"async\" width=\"800\" height=\"600\" data-id=\"769\" src=\"https:\/\/www.irishsetter.sk\/wp-content\/uploads\/2020\/01\/192.jpg\" alt=\"\" class=\"wp-image-769\" srcset=\"https:\/\/www.irishsetter.sk\/wp-content\/uploads\/2020\/01\/192.jpg 800w, https:\/\/www.irishsetter.sk\/wp-content\/uploads\/2020\/01\/192-300x225.jpg 300w, https:\/\/www.irishsetter.sk\/wp-content\/uploads\/2020\/01\/192-768x576.jpg 768w\" sizes=\"(max-width: 800px) 100vw, 800px\" \/><\/figure>\n<\/figure>\n","protected":false},"excerpt":{"rendered":"<p>Berieme&nbsp;rezerv\u00e1cie na \u0161teniatka, ktor\u00e9 sa narodili v&nbsp;16.&nbsp;apr\u00edla 2019&nbsp;na\u0161ej Saphinke. Rezerv\u00e1cie na m.\u010d. 0905 729 478 alebo dasasojka@gmail.com Berieme rezerv\u00e1cie na \u0161teniatka, ktor\u00e9 sa narodia koncom marca 2018 na\u0161ej Stelke. Berieme rezerv\u00e1cie na vrh \u0161teniatok, ktor\u00e9 sa narodia za\u010diatkom augusta 2017. Matka LARA Jay Slovak Base. \u0160teniatka vhodn\u00e9 na v\u00fdstavy, chov, po\u013eovn\u00edctvo a pre rados\u0165, iba [&hellip;]<\/p>\n","protected":false},"author":4,"featured_media":0,"parent":0,"menu_order":0,"comment_status":"closed","ping_status":"closed","template":"","meta":{"footnotes":""},"_links":{"self":[{"href":"https:\/\/www.irishsetter.sk\/index.php?rest_route=\/wp\/v2\/pages\/753"}],"collection":[{"href":"https:\/\/www.irishsetter.sk\/index.php?rest_route=\/wp\/v2\/pages"}],"about":[{"href":"https:\/\/www.irishsetter.sk\/index.php?rest_route=\/wp\/v2\/types\/page"}],"author":[{"embeddable":true,"href":"https:\/\/www.irishsetter.sk\/index.php?rest_route=\/wp\/v2\/users\/4"}],"replies":[{"embeddable":true,"href":"https:\/\/www.irishsetter.sk\/index.php?rest_route=%2Fwp%2Fv2%2Fcomments&post=753"}],"version-history":[{"count":3,"href":"https:\/\/www.irishsetter.sk\/index.php?rest_route=\/wp\/v2\/pages\/753\/revisions"}],"predecessor-version":[{"id":1274,"href":"https:\/\/www.irishsetter.sk\/index.php?rest_route=\/wp\/v2\/pages\/753\/revisions\/1274"}],"wp:attachment":[{"href":"https:\/\/www.irishsetter.sk\/index.php?rest_route=%2Fwp%2Fv2%2Fmedia&parent=753"}],"curies":[{"name":"wp","href":"https:\/\/api.w.org\/{rel}","templated":true}]}}