{"id":799,"date":"2020-01-15T18:09:33","date_gmt":"2020-01-15T18:09:33","guid":{"rendered":"http:\/\/www.irishsetter.sk\/?page_id=799"},"modified":"2024-03-20T07:07:31","modified_gmt":"2024-03-20T07:07:31","slug":"o-nas","status":"publish","type":"page","link":"https:\/\/www.irishsetter.sk\/?page_id=799","title":{"rendered":"O n\u00e1s"},"content":{"rendered":"\n<p> Chovate\u013esk\u00e1 stanica\u00a0<strong>SLOVAK BASE<\/strong>\u00a0vznikla v roku 1996. Do dne\u0161n\u00e9ho d\u0148a v nej bolo odchovan\u00fdch 23 vrhov \u0161teniat. Mnoh\u00e9 z nich vynikaj\u00faco reprezentuj\u00fa na v\u00fdstav\u00e1ch a sk\u00fa\u0161kach. Prvou sukou chovnej stanice bola Ich. Viky Me\u0161kov dvor (*1992), ktor\u00e1 dala tomuto chovu v\u00fdborn\u00fd z\u00e1klad a potomkovia ktorej dosahuj\u00fa vynikaj\u00face v\u00fdsledky nielen na v\u00fdstav\u00e1ch ale aj na pracovn\u00fdch sk\u00fa\u0161kach. Postupne k nej prib\u00fadali nov\u00e9 suky a psy, ktor\u00e9 by som V\u00e1m rada predstavila na t\u00fdchto str\u00e1nkach. Ka\u017ed\u00fd vrh v mojej chovnej stanici je starostlivo napl\u00e1novan\u00fd a sna\u017e\u00edme sa n\u00e1js\u0165 \u0161teniatkam \u010do najlep\u0161\u00edch majite\u013eov. <\/p>\n\n\n<div id=\"pl-gb799-69eccb5e8f0da\"  class=\"panel-layout\" ><div id=\"pg-gb799-69eccb5e8f0da-0\"  class=\"panel-grid panel-no-style\"  data-ratio=\"1\"  data-ratio-direction=\"right\" ><div id=\"pgc-gb799-69eccb5e8f0da-0-0\"  class=\"panel-grid-cell\"  data-weight=\"1\" ><div id=\"panel-gb799-69eccb5e8f0da-0-0-0\" class=\"so-panel widget widget_text panel-first-child panel-last-child\" data-index=\"0\" data-style=\"{&quot;background_image_attachment&quot;:false,&quot;background_display&quot;:&quot;tile&quot;}\" ><h3 class=\"widget-title\">Odpor\u00fa\u010dam si pozrie\u0165 tieto str\u00e1nky<\/h3>\t\t\t<div class=\"textwidget\"><\/div>\n\t\t<\/div><\/div><\/div><div id=\"pg-gb799-69eccb5e8f0da-1\"  class=\"panel-grid panel-no-style\"  data-style=\"{&quot;full_height&quot;:&quot;&quot;,&quot;cell_alignment&quot;:&quot;flex-start&quot;}\" ><div id=\"pgc-gb799-69eccb5e8f0da-1-0\"  class=\"panel-grid-cell\"  data-weight=\"0.5\" ><div id=\"panel-gb799-69eccb5e8f0da-1-0-0\" class=\"so-panel widget widget_sow-button panel-first-child panel-last-child\" data-index=\"1\" data-style=\"{&quot;background_image_attachment&quot;:false,&quot;background_display&quot;:&quot;tile&quot;}\" ><div\n\t\t\t\n\t\t\tclass=\"so-widget-sow-button so-widget-sow-button-wire-fb996b1d21f7\"\n\t\t\t\n\t\t><div class=\"ow-button-base ow-button-align-center\">\n\t<a\n\thref=\"https:\/\/www.irishsetter.sk\/?page_id=67\"\n\t\tclass=\"ow-icon-placement-left ow-button-hover\" \t>\n\t\t<span>\n\t\t\t<span class=\"sow-icon-fontawesome sow-fas\" data-sow-icon=\"&#xf6d3;\"\n\t\tstyle=\"\" \n\t\taria-hidden=\"true\"><\/span>\n\t\t\tMoje psi \t\t<\/span>\n\t<\/a>\n<\/div>\n<\/div><\/div><\/div><div id=\"pgc-gb799-69eccb5e8f0da-1-1\"  class=\"panel-grid-cell\"  data-weight=\"0.5\" ><div id=\"panel-gb799-69eccb5e8f0da-1-1-0\" class=\"so-panel widget widget_sow-button panel-first-child panel-last-child\" data-index=\"2\" data-style=\"{&quot;background_image_attachment&quot;:false,&quot;background_display&quot;:&quot;tile&quot;}\" ><div\n\t\t\t\n\t\t\tclass=\"so-widget-sow-button so-widget-sow-button-wire-fb996b1d21f7\"\n\t\t\t\n\t\t><div class=\"ow-button-base ow-button-align-center\">\n\t<a\n\thref=\"\/?page_id=2\"\n\t\tclass=\"ow-icon-placement-left ow-button-hover\" \t>\n\t\t<span>\n\t\t\t<span class=\"sow-icon-fontawesome sow-fas\" data-sow-icon=\"&#xf6d3;\"\n\t\tstyle=\"\" \n\t\taria-hidden=\"true\"><\/span>\n\t\t\tVrhy a \u0161te\u0148at\u00e1\t\t<\/span>\n\t<\/a>\n<\/div>\n<\/div><\/div><\/div><\/div><\/div>","protected":false},"excerpt":{"rendered":"<p>Chovate\u013esk\u00e1 stanica\u00a0SLOVAK BASE\u00a0vznikla v roku 1996. Do dne\u0161n\u00e9ho d\u0148a v nej bolo odchovan\u00fdch 23 vrhov \u0161teniat. Mnoh\u00e9 z nich vynikaj\u00faco reprezentuj\u00fa na v\u00fdstav\u00e1ch a sk\u00fa\u0161kach. Prvou sukou chovnej stanice bola Ich. Viky Me\u0161kov dvor (*1992), ktor\u00e1 dala tomuto chovu v\u00fdborn\u00fd z\u00e1klad a potomkovia ktorej dosahuj\u00fa vynikaj\u00face v\u00fdsledky nielen na v\u00fdstav\u00e1ch ale aj na pracovn\u00fdch sk\u00fa\u0161kach. [&hellip;]<\/p>\n","protected":false},"author":4,"featured_media":0,"parent":0,"menu_order":0,"comment_status":"closed","ping_status":"closed","template":"","meta":{"footnotes":""},"_links":{"self":[{"href":"https:\/\/www.irishsetter.sk\/index.php?rest_route=\/wp\/v2\/pages\/799"}],"collection":[{"href":"https:\/\/www.irishsetter.sk\/index.php?rest_route=\/wp\/v2\/pages"}],"about":[{"href":"https:\/\/www.irishsetter.sk\/index.php?rest_route=\/wp\/v2\/types\/page"}],"author":[{"embeddable":true,"href":"https:\/\/www.irishsetter.sk\/index.php?rest_route=\/wp\/v2\/users\/4"}],"replies":[{"embeddable":true,"href":"https:\/\/www.irishsetter.sk\/index.php?rest_route=%2Fwp%2Fv2%2Fcomments&post=799"}],"version-history":[{"count":4,"href":"https:\/\/www.irishsetter.sk\/index.php?rest_route=\/wp\/v2\/pages\/799\/revisions"}],"predecessor-version":[{"id":1271,"href":"https:\/\/www.irishsetter.sk\/index.php?rest_route=\/wp\/v2\/pages\/799\/revisions\/1271"}],"wp:attachment":[{"href":"https:\/\/www.irishsetter.sk\/index.php?rest_route=%2Fwp%2Fv2%2Fmedia&parent=799"}],"curies":[{"name":"wp","href":"https:\/\/api.w.org\/{rel}","templated":true}]}}