{"id":837,"date":"2020-01-14T20:19:38","date_gmt":"2020-01-14T20:19:38","guid":{"rendered":"http:\/\/www.irishsetter.sk\/?page_id=837"},"modified":"2024-03-20T06:55:17","modified_gmt":"2024-03-20T06:55:17","slug":"test-home-sk","status":"publish","type":"page","link":"https:\/\/www.irishsetter.sk\/","title":{"rendered":""},"content":{"rendered":"<div id=\"pl-gb837-69ecb60bcee95\"  class=\"panel-layout\" ><div id=\"pg-gb837-69ecb60bcee95-0\"  class=\"panel-grid panel-no-style\" ><div id=\"pgc-gb837-69ecb60bcee95-0-0\"  class=\"panel-grid-cell\"  data-weight=\"1\" ><div id=\"panel-gb837-69ecb60bcee95-0-0-0\" class=\"so-panel widget widget_headline-widget panel-first-child panel-last-child\" data-index=\"0\" data-style=\"{&quot;background_image_attachment&quot;:false,&quot;background_display&quot;:&quot;tile&quot;}\" >\t\t<h1>Preserve and protect historical breed<\/h1>\n\t\t<div class=\"decoration\"><div class=\"decoration-inside\"><\/div><\/div>\n\t\t<h3><\/h3>\n\t\t<\/div><\/div><\/div><div id=\"pg-gb837-69ecb60bcee95-1\"  class=\"panel-grid panel-no-style\" ><div id=\"pgc-gb837-69ecb60bcee95-1-0\"  class=\"panel-grid-cell\"  data-weight=\"1\" ><div id=\"panel-gb837-69ecb60bcee95-1-0-0\" class=\"so-panel widget widget_nav_menu panel-first-child panel-last-child\" data-index=\"1\" data-style=\"{&quot;padding&quot;:&quot;0px 0px 0px 0px&quot;,&quot;background_image_attachment&quot;:false,&quot;margin&quot;:&quot;0px 0px 0px 0px&quot;}\" ><div class=\"panel-widget-style panel-widget-style-for-gb837-69ecb60bcee95-1-0-0\" ><div class=\"menu-vyber-jazyka-container\"><ul id=\"menu-vyber-jazyka\" class=\"menu\"><li id=\"menu-item-792\" class=\"menu-item menu-item-type-custom menu-item-object-custom menu-item-792\"><a href=\"#pll_switcher\">Languages<\/a><\/li>\n<\/ul><\/div><\/div><\/div><\/div><\/div><div id=\"pg-gb837-69ecb60bcee95-2\"  class=\"panel-grid panel-no-style\"  data-style=\"{&quot;full_height&quot;:&quot;&quot;,&quot;cell_alignment&quot;:&quot;flex-start&quot;}\"  data-ratio=\"1\"  data-ratio-direction=\"right\" ><div id=\"pgc-gb837-69ecb60bcee95-2-0\"  class=\"panel-grid-cell\"  data-weight=\"0.333333333333\" ><div id=\"panel-gb837-69ecb60bcee95-2-0-0\" class=\"so-panel widget widget_circleicon-widget panel-first-child panel-last-child\" data-index=\"2\" data-style=\"{&quot;background_image_attachment&quot;:false,&quot;background_display&quot;:&quot;tile&quot;}\" >\t\t<div class=\"circle-icon-box circle-icon-position-top circle-icon-hide-box circle-icon-size-small \">\n\t\t\t\t\t\t\t<div class=\"circle-icon-wrapper\">\n\t\t\t\t\t\t\t\t\t\t<div class=\"circle-icon\" >\n\t\t\t\t\t\t\t\t\t\t\t\t\t<div class=\"fa fa-pencil-square-o\" ><\/div>\n\t\t\t\t\t\t\t\t\t\t\t<\/div> \n\t\t\t\t\t\t\t\t\t<\/div>\n\t\t\t\n\t\t\t\t\t\t\t\t\t\t<h4 >\n\t\t\t\t\tO n\u00e1s\t\t\t\t<\/h4>\n\t\t\t\t\t\t\n\t\t\t\t\t\t\t<p class=\"text\" >Chovate\u013esk\u00e1 stanica SLOVAK BASE vznikla v roku 1996. Do dne\u0161n\u00e9ho d\u0148a v nej bolo odchovan\u00fdch 23 vrhov \u0161teniat.<\/p>\n\t\t\t\t\t\t\t\t\t\t<a href=\"\/?page_id=799\" class=\"more-button\" >More <i><\/i><\/a>\n\t\t\t\t\t<\/div>\n\t\t<\/div><\/div><div id=\"pgc-gb837-69ecb60bcee95-2-1\"  class=\"panel-grid-cell\"  data-weight=\"0.333333333333\" ><div id=\"panel-gb837-69ecb60bcee95-2-1-0\" class=\"so-panel widget widget_circleicon-widget panel-first-child panel-last-child\" data-index=\"3\" data-style=\"{&quot;background_image_attachment&quot;:false,&quot;background_display&quot;:&quot;tile&quot;}\" >\t\t<div class=\"circle-icon-box circle-icon-position-top circle-icon-hide-box circle-icon-size-small \">\n\t\t\t\t\t\t\t<div class=\"circle-icon-wrapper\">\n\t\t\t\t\t\t\t\t\t\t<div class=\"circle-icon\" >\n\t\t\t\t\t\t\t\t\t\t\t\t\t<div class=\"fa fa-caret-square-o-up\" ><\/div>\n\t\t\t\t\t\t\t\t\t\t\t<\/div> \n\t\t\t\t\t\t\t\t\t<\/div>\n\t\t\t\n\t\t\t\t\t\t\t\t\t\t<h4 >\n\t\t\t\t\tMoje psi\t\t\t\t<\/h4>\n\t\t\t\t\t\t\n\t\t\t\t\t\t\t<p class=\"text\" >V tejto sekcii n\u00e1jdete na\u0161ich psov a na\u0161e su\u010dky. V tejto sekcii n\u00e1jdete na\u0161ich psov a na\u0161e su\u010dky.<\/p>\n\t\t\t\t\t\t\t\t\t\t<a href=\"\/?page_id=67\" class=\"more-button\" >Moore <i><\/i><\/a>\n\t\t\t\t\t<\/div>\n\t\t<\/div><\/div><div id=\"pgc-gb837-69ecb60bcee95-2-2\"  class=\"panel-grid-cell\"  data-weight=\"0.333333333333\" ><div id=\"panel-gb837-69ecb60bcee95-2-2-0\" class=\"so-panel widget widget_circleicon-widget panel-first-child panel-last-child\" data-index=\"4\" data-style=\"{&quot;background_image_attachment&quot;:false,&quot;background_display&quot;:&quot;tile&quot;}\" >\t\t<div class=\"circle-icon-box circle-icon-position-top circle-icon-hide-box circle-icon-size-small \">\n\t\t\t\t\t\t\t<div class=\"circle-icon-wrapper\">\n\t\t\t\t\t\t\t\t\t\t<div class=\"circle-icon\" >\n\t\t\t\t\t\t\t\t\t\t\t\t\t<div class=\"fa fa-area-chart\" ><\/div>\n\t\t\t\t\t\t\t\t\t\t\t<\/div> \n\t\t\t\t\t\t\t\t\t<\/div>\n\t\t\t\n\t\t\t\t\t\t\t\t\t\t<h4 >\n\t\t\t\t\tVrhy a \u0161teniatka\t\t\t\t<\/h4>\n\t\t\t\t\t\t\n\t\t\t\t\t\t\t<p class=\"text\" >V tejto \u010dasti n\u00e1jdete v\u0161etky moje vrhy a aktu\u00e1lne \u0161teniatka<\/p>\n\t\t\t\t\t\t\t\t\t\t<a href=\"\/?page_id=2\" class=\"more-button\" >Viac tu <i><\/i><\/a>\n\t\t\t\t\t<\/div>\n\t\t<\/div><\/div><\/div><div id=\"pg-gb837-69ecb60bcee95-3\"  class=\"panel-grid panel-no-style\"  data-style=\"{&quot;full_height&quot;:&quot;&quot;,&quot;cell_alignment&quot;:&quot;flex-start&quot;}\"  data-ratio=\"1\"  data-ratio-direction=\"right\" ><div id=\"pgc-gb837-69ecb60bcee95-3-0\"  class=\"panel-grid-cell\"  data-weight=\"0.333333333333\" ><div id=\"panel-gb837-69ecb60bcee95-3-0-0\" class=\"so-panel widget widget_circleicon-widget panel-first-child panel-last-child\" data-index=\"5\" data-style=\"{&quot;background_image_attachment&quot;:false,&quot;background_display&quot;:&quot;tile&quot;}\" >\t\t<div class=\"circle-icon-box circle-icon-position-top circle-icon-hide-box circle-icon-size-small \">\n\t\t\t\t\t\t\t<div class=\"circle-icon-wrapper\">\n\t\t\t\t\t\t\t\t\t\t<div class=\"circle-icon\" >\n\t\t\t\t\t\t\t\t\t\t\t\t\t<div class=\"fa fa-clock-o\" ><\/div>\n\t\t\t\t\t\t\t\t\t\t\t<\/div> \n\t\t\t\t\t\t\t\t\t<\/div>\n\t\t\t\n\t\t\t\t\t\t\t\t\t\t<h4 >\n\t\t\t\t\tV\u00fdstavy\t\t\t\t<\/h4>\n\t\t\t\t\t\t\n\t\t\t\t\t\t\t<p class=\"text\" >Na t\u00fdchto str\u00e1nkach n\u00e1jdete moje psi ktor\u00e9 sa z\u00fa\u010dastnili na v\u00fdstav\u00e1ch<\/p>\n\t\t\t\t\t\t\t\t\t\t<a href=\"\/?page_id=329\" class=\"more-button\" >Viac tu <i><\/i><\/a>\n\t\t\t\t\t<\/div>\n\t\t<\/div><\/div><div id=\"pgc-gb837-69ecb60bcee95-3-1\"  class=\"panel-grid-cell\"  data-weight=\"0.333333333333\" ><div id=\"panel-gb837-69ecb60bcee95-3-1-0\" class=\"so-panel widget widget_circleicon-widget panel-first-child panel-last-child\" data-index=\"6\" data-style=\"{&quot;background_image_attachment&quot;:false,&quot;background_display&quot;:&quot;tile&quot;}\" >\t\t<div class=\"circle-icon-box circle-icon-position-top circle-icon-hide-box circle-icon-size-small \">\n\t\t\t\t\t\t\t<div class=\"circle-icon-wrapper\">\n\t\t\t\t\t\t\t\t\t\t<div class=\"circle-icon\" >\n\t\t\t\t\t\t\t\t\t\t\t\t\t<div class=\"fa fa-plus-square-o\" ><\/div>\n\t\t\t\t\t\t\t\t\t\t\t<\/div> \n\t\t\t\t\t\t\t\t\t<\/div>\n\t\t\t\n\t\t\t\t\t\t\t\t\t\t<h4 >\n\t\t\t\t\tPo\u013eovn\u00edctvo\t\t\t\t<\/h4>\n\t\t\t\t\t\t\n\t\t\t\t\t\t\t<p class=\"text\" >V tejto \u010dasti by som chcel predstavi\u0165 svoje psy ako loveck\u00e9 plemeno<\/p>\n\t\t\t\t\t\t\t\t\t\t<a href=\"\/?page_id=53\" class=\"more-button\" >Viac tu <i><\/i><\/a>\n\t\t\t\t\t<\/div>\n\t\t<\/div><\/div><div id=\"pgc-gb837-69ecb60bcee95-3-2\"  class=\"panel-grid-cell\"  data-weight=\"0.333333333333\" ><div id=\"panel-gb837-69ecb60bcee95-3-2-0\" class=\"so-panel widget widget_circleicon-widget panel-first-child panel-last-child\" data-index=\"7\" data-style=\"{&quot;background_image_attachment&quot;:false,&quot;background_display&quot;:&quot;tile&quot;}\" >\t\t<div class=\"circle-icon-box circle-icon-position-top circle-icon-hide-box circle-icon-size-small \">\n\t\t\t\t\t\t\t<div class=\"circle-icon-wrapper\">\n\t\t\t\t\t\t\t\t\t\t<div class=\"circle-icon\" >\n\t\t\t\t\t\t\t\t\t\t\t\t\t<div class=\"fa fa-bar-chart-o\" ><\/div>\n\t\t\t\t\t\t\t\t\t\t\t<\/div> \n\t\t\t\t\t\t\t\t\t<\/div>\n\t\t\t\n\t\t\t\t\t\t\t\t\t\t<h4 >\n\t\t\t\t\tFotogal\u00e9ria\t\t\t\t<\/h4>\n\t\t\t\t\t\t\n\t\t\t\t\t\t\t<p class=\"text\" >Pozrite si v\u0161etky fotografie, ktor\u00e9 som stihla s mojimi psami urobi\u0165<\/p>\n\t\t\t\t\t\t\t\t\t\t<a href=\"\/?page_id=77\" class=\"more-button\" >Viac tu <i><\/i><\/a>\n\t\t\t\t\t<\/div>\n\t\t<\/div><\/div><\/div><div id=\"pg-gb837-69ecb60bcee95-4\"  class=\"panel-grid panel-has-style\"  data-style=\"{&quot;class&quot;:&quot;wide-grey&quot;,&quot;full_height&quot;:&quot;&quot;}\" ><div class=\"wide-grey panel-row-style panel-row-style-for-gb837-69ecb60bcee95-4\" ><div id=\"pgc-gb837-69ecb60bcee95-4-0\"  class=\"panel-grid-cell\"  data-weight=\"1\" ><div id=\"panel-gb837-69ecb60bcee95-4-0-0\" class=\"so-panel widget widget_headline-widget panel-first-child\" data-index=\"8\" data-style=\"{&quot;background_image_attachment&quot;:false,&quot;background_display&quot;:&quot;tile&quot;}\" >\t\t<h1>Irish setter kennel<\/h1>\n\t\t<div class=\"decoration\"><div class=\"decoration-inside\"><\/div><\/div>\n\t\t<h3>Jay Slovak base<\/h3>\n\t\t<\/div><div id=\"panel-gb837-69ecb60bcee95-4-0-1\" class=\"so-panel widget widget_siteorigin-panels-postloop panel-last-child\" data-index=\"9\" data-style=\"{&quot;background_image_attachment&quot;:false,&quot;background_display&quot;:&quot;center&quot;}\" ><h3 class=\"widget-title\">Posledn\u00e9 novinky<\/h3>\n\n<article id=\"post-0\" class=\"post no-results not-found\">\n\t<header class=\"entry-header\">\n\t\t\t\t\t<h1 class=\"entry-title\">Nothing Found<\/h1>\n\t\t\t<\/header><!-- .entry-header -->\n\n\t<div class=\"entry-content\">\n\t\t\n\t\t\t<p>It seems we can&rsquo;t find what you&rsquo;re looking for. Perhaps searching can help.<\/p>\n\t\t\t\n<form method=\"get\" class=\"searchform\" action=\"https:\/\/www.irishsetter.sk\/\" role=\"search\">\n\t<label for=\"search-form\" class=\"screen-reader-text\">Search for:<\/label>\n\t<input type=\"search\" name=\"s\" class=\"field\" id=\"search-form\" value=\"\" placeholder=\"Search\"\/>\n<\/form>\n\n\t\t\t<\/div><!-- .entry-content -->\n<\/article><!-- #post-0 .post .no-results .not-found -->\n<\/div><\/div><\/div><\/div><\/div>","protected":false},"excerpt":{"rendered":"","protected":false},"author":4,"featured_media":0,"parent":0,"menu_order":0,"comment_status":"closed","ping_status":"closed","template":"","meta":{"footnotes":""},"_links":{"self":[{"href":"https:\/\/www.irishsetter.sk\/index.php?rest_route=\/wp\/v2\/pages\/837"}],"collection":[{"href":"https:\/\/www.irishsetter.sk\/index.php?rest_route=\/wp\/v2\/pages"}],"about":[{"href":"https:\/\/www.irishsetter.sk\/index.php?rest_route=\/wp\/v2\/types\/page"}],"author":[{"embeddable":true,"href":"https:\/\/www.irishsetter.sk\/index.php?rest_route=\/wp\/v2\/users\/4"}],"replies":[{"embeddable":true,"href":"https:\/\/www.irishsetter.sk\/index.php?rest_route=%2Fwp%2Fv2%2Fcomments&post=837"}],"version-history":[{"count":26,"href":"https:\/\/www.irishsetter.sk\/index.php?rest_route=\/wp\/v2\/pages\/837\/revisions"}],"predecessor-version":[{"id":1260,"href":"https:\/\/www.irishsetter.sk\/index.php?rest_route=\/wp\/v2\/pages\/837\/revisions\/1260"}],"wp:attachment":[{"href":"https:\/\/www.irishsetter.sk\/index.php?rest_route=%2Fwp%2Fv2%2Fmedia&parent=837"}],"curies":[{"name":"wp","href":"https:\/\/api.w.org\/{rel}","templated":true}]}}