{"id":935,"date":"2020-01-15T18:12:26","date_gmt":"2020-01-15T18:12:26","guid":{"rendered":"http:\/\/www.irishsetter.sk\/?page_id=935"},"modified":"2024-03-20T07:01:05","modified_gmt":"2024-03-20T07:01:05","slug":"hunting","status":"publish","type":"page","link":"https:\/\/www.irishsetter.sk\/?page_id=935","title":{"rendered":"Hunting"},"content":{"rendered":"\n<p>In this section, I would like to introduce you to my dogs as a working breed. I regularly participate in hunting trials with my dogs. International Spring Field Trial Mal\u017eenice 14.04.2012 Mia Jay Photo: (c) Peter Redey<\/p>\n\n\n\n<figure class=\"wp-block-gallery has-nested-images columns-default is-cropped wp-block-gallery-1 is-layout-flex wp-block-gallery-is-layout-flex\">\n<figure class=\"wp-block-image size-large\"><img loading=\"lazy\" decoding=\"async\" width=\"457\" height=\"600\" data-id=\"727\" src=\"https:\/\/www.irishsetter.sk\/wp-content\/uploads\/2020\/01\/271-2.jpg\" alt=\"\" class=\"wp-image-727\" srcset=\"https:\/\/www.irishsetter.sk\/wp-content\/uploads\/2020\/01\/271-2.jpg 457w, https:\/\/www.irishsetter.sk\/wp-content\/uploads\/2020\/01\/271-2-229x300.jpg 229w\" sizes=\"(max-width: 457px) 100vw, 457px\" \/><\/figure>\n\n\n\n<figure class=\"wp-block-image size-large\"><img loading=\"lazy\" decoding=\"async\" width=\"800\" height=\"600\" data-id=\"728\" src=\"https:\/\/www.irishsetter.sk\/wp-content\/uploads\/2020\/01\/281-2.jpg\" alt=\"\" class=\"wp-image-728\" srcset=\"https:\/\/www.irishsetter.sk\/wp-content\/uploads\/2020\/01\/281-2.jpg 800w, https:\/\/www.irishsetter.sk\/wp-content\/uploads\/2020\/01\/281-2-300x225.jpg 300w, https:\/\/www.irishsetter.sk\/wp-content\/uploads\/2020\/01\/281-2-768x576.jpg 768w\" sizes=\"(max-width: 800px) 100vw, 800px\" \/><\/figure>\n<\/figure>\n\n\n\n<h2 class=\"wp-block-heading\">Memorial Kolomana Slim\u00e1ka 18. &#8211; 19.09.2010<\/h2>\n\n\n\n<p> <br>International versatile testing of vertebrate animals, Doln\u00e1 Krup\u00e1.<br>Chardonnay Jay Slovak Base &#8211; III.cena, 406 bodov. Foto: (c) Tak\u00e1cs Eszter  <\/p>\n\n\n\n<figure class=\"wp-block-gallery has-nested-images columns-0 is-cropped wp-block-gallery-2 is-layout-flex wp-block-gallery-is-layout-flex\">\n<figure class=\"wp-block-image size-large\"><img loading=\"lazy\" decoding=\"async\" width=\"403\" height=\"600\" data-id=\"730\" src=\"https:\/\/www.irishsetter.sk\/wp-content\/uploads\/2020\/01\/121-2.jpg\" alt=\"\" class=\"wp-image-730\" srcset=\"https:\/\/www.irishsetter.sk\/wp-content\/uploads\/2020\/01\/121-2.jpg 403w, https:\/\/www.irishsetter.sk\/wp-content\/uploads\/2020\/01\/121-2-202x300.jpg 202w\" sizes=\"(max-width: 403px) 100vw, 403px\" \/><\/figure>\n\n\n\n<figure class=\"wp-block-image size-large\"><img loading=\"lazy\" decoding=\"async\" width=\"391\" height=\"600\" data-id=\"731\" src=\"https:\/\/www.irishsetter.sk\/wp-content\/uploads\/2020\/01\/131-2.jpg\" alt=\"\" class=\"wp-image-731\" srcset=\"https:\/\/www.irishsetter.sk\/wp-content\/uploads\/2020\/01\/131-2.jpg 391w, https:\/\/www.irishsetter.sk\/wp-content\/uploads\/2020\/01\/131-2-196x300.jpg 196w\" sizes=\"(max-width: 391px) 100vw, 391px\" \/><\/figure>\n\n\n\n<figure class=\"wp-block-image size-large\"><img loading=\"lazy\" decoding=\"async\" width=\"417\" height=\"600\" data-id=\"732\" src=\"https:\/\/www.irishsetter.sk\/wp-content\/uploads\/2020\/01\/163.jpg\" alt=\"\" class=\"wp-image-732\" srcset=\"https:\/\/www.irishsetter.sk\/wp-content\/uploads\/2020\/01\/163.jpg 417w, https:\/\/www.irishsetter.sk\/wp-content\/uploads\/2020\/01\/163-209x300.jpg 209w\" sizes=\"(max-width: 417px) 100vw, 417px\" \/><\/figure>\n<\/figure>\n\n\n<p><!--StartFragment--><\/p>\n\n\n<h3 class=\"wp-block-heading\">Field trial<\/h3>\n\n\n\n<p>Chardonnay on Club FT, on Club JSS-Bringing from the Water. <\/p>\n\n\n\n<h3 class=\"wp-block-heading\">Hunt<\/h3>\n\n\n\n<p> <br>28.11.2009 I participated with Chardonay hunting in PZ Jelesy Pie\u0161\u0165any <\/p>\n\n\n\n<figure class=\"wp-block-gallery has-nested-images columns-default is-cropped wp-block-gallery-3 is-layout-flex wp-block-gallery-is-layout-flex\">\n<figure class=\"wp-block-image size-large\"><img loading=\"lazy\" decoding=\"async\" width=\"800\" height=\"552\" data-id=\"733\" src=\"https:\/\/www.irishsetter.sk\/wp-content\/uploads\/2020\/01\/141-2.jpg\" alt=\"\" class=\"wp-image-733\" srcset=\"https:\/\/www.irishsetter.sk\/wp-content\/uploads\/2020\/01\/141-2.jpg 800w, https:\/\/www.irishsetter.sk\/wp-content\/uploads\/2020\/01\/141-2-300x207.jpg 300w, https:\/\/www.irishsetter.sk\/wp-content\/uploads\/2020\/01\/141-2-768x530.jpg 768w\" sizes=\"(max-width: 800px) 100vw, 800px\" \/><\/figure>\n\n\n\n<figure class=\"wp-block-image size-large\"><img loading=\"lazy\" decoding=\"async\" width=\"400\" height=\"600\" data-id=\"734\" src=\"https:\/\/www.irishsetter.sk\/wp-content\/uploads\/2020\/01\/151-3.jpg\" alt=\"\" class=\"wp-image-734\" srcset=\"https:\/\/www.irishsetter.sk\/wp-content\/uploads\/2020\/01\/151-3.jpg 400w, https:\/\/www.irishsetter.sk\/wp-content\/uploads\/2020\/01\/151-3-200x300.jpg 200w\" sizes=\"(max-width: 400px) 100vw, 400px\" \/><\/figure>\n\n\n\n<figure class=\"wp-block-image size-large\"><img loading=\"lazy\" decoding=\"async\" width=\"800\" height=\"533\" data-id=\"735\" src=\"https:\/\/www.irishsetter.sk\/wp-content\/uploads\/2020\/01\/171-1.jpg\" alt=\"\" class=\"wp-image-735\" srcset=\"https:\/\/www.irishsetter.sk\/wp-content\/uploads\/2020\/01\/171-1.jpg 800w, https:\/\/www.irishsetter.sk\/wp-content\/uploads\/2020\/01\/171-1-300x200.jpg 300w, https:\/\/www.irishsetter.sk\/wp-content\/uploads\/2020\/01\/171-1-768x512.jpg 768w, https:\/\/www.irishsetter.sk\/wp-content\/uploads\/2020\/01\/171-1-272x182.jpg 272w\" sizes=\"(max-width: 800px) 100vw, 800px\" \/><\/figure>\n<\/figure>\n\n\n<p><!--EndFragment--><\/p>","protected":false},"excerpt":{"rendered":"<p>In this section, I would like to introduce you to my dogs as a working breed. I regularly participate in hunting trials with my dogs. International Spring Field Trial Mal\u017eenice 14.04.2012 Mia Jay Photo: (c) Peter Redey Memorial Kolomana Slim\u00e1ka 18. &#8211; 19.09.2010 International versatile testing of vertebrate animals, Doln\u00e1 Krup\u00e1.Chardonnay Jay Slovak Base &#8211; [&hellip;]<\/p>\n","protected":false},"author":4,"featured_media":0,"parent":0,"menu_order":0,"comment_status":"closed","ping_status":"closed","template":"","meta":{"footnotes":""},"_links":{"self":[{"href":"https:\/\/www.irishsetter.sk\/index.php?rest_route=\/wp\/v2\/pages\/935"}],"collection":[{"href":"https:\/\/www.irishsetter.sk\/index.php?rest_route=\/wp\/v2\/pages"}],"about":[{"href":"https:\/\/www.irishsetter.sk\/index.php?rest_route=\/wp\/v2\/types\/page"}],"author":[{"embeddable":true,"href":"https:\/\/www.irishsetter.sk\/index.php?rest_route=\/wp\/v2\/users\/4"}],"replies":[{"embeddable":true,"href":"https:\/\/www.irishsetter.sk\/index.php?rest_route=%2Fwp%2Fv2%2Fcomments&post=935"}],"version-history":[{"count":4,"href":"https:\/\/www.irishsetter.sk\/index.php?rest_route=\/wp\/v2\/pages\/935\/revisions"}],"predecessor-version":[{"id":1266,"href":"https:\/\/www.irishsetter.sk\/index.php?rest_route=\/wp\/v2\/pages\/935\/revisions\/1266"}],"wp:attachment":[{"href":"https:\/\/www.irishsetter.sk\/index.php?rest_route=%2Fwp%2Fv2%2Fmedia&parent=935"}],"curies":[{"name":"wp","href":"https:\/\/api.w.org\/{rel}","templated":true}]}}