{"id":943,"date":"2020-01-15T18:21:27","date_gmt":"2020-01-15T18:21:27","guid":{"rendered":"http:\/\/www.irishsetter.sk\/?page_id=943"},"modified":"2024-03-20T07:07:49","modified_gmt":"2024-03-20T07:07:49","slug":"saphire-jay-slovak-base-en","status":"publish","type":"page","link":"https:\/\/www.irishsetter.sk\/?page_id=943","title":{"rendered":"SAPHIRE Jay Slovak Base EN"},"content":{"rendered":"\n<p><strong>Born:&nbsp;<\/strong>23.09.2014<\/p>\n\n\n\n<p><strong>DBK:<\/strong>&nbsp;0\/0 \u2013 A<strong><br>SPKP:&nbsp;<\/strong>1878<\/p>\n\n\n\n<p><strong>PRA rcd 1:&nbsp;<\/strong>Clear N\/N<\/p>\n\n\n\n<p><strong>CLAD:&nbsp;<\/strong>Clear N\/N<br><strong>Titles:<\/strong>&nbsp;JCH SR, CHSR,<br><strong>Exam:&nbsp;<\/strong>TAN Mal\u017eenice 10.5.2015 \u2013 passed,<br>MFT Budmerice 24.4.2016 derby solo \u2013 D, 6b.<br>MFT Doj\u010d 8.4.2017 &nbsp;derby solo \u2013 12b.<\/p>\n\n\n\n<h3 class=\"wp-block-heading\">Exhibitions 2018<\/h3>\n\n\n\n<p>03.02.2018 MVP Brno Champion class:\u00a0 \u00a0 \u00a0 \u00a0 \u00a0V2, Res.CAC\u00a0 \u00a0Burski W. \/PL\/<br>04.02.2018 MVP Brno Champion class :\u00a0 \u00a0 \u00a0 \u00a0 V3\u00a0 \u00a0 Stockmari H.\u00a0 \/FIN\/<br>12.05.2018 KV Slavkov Champion class:\u00a0 \u00a0 \u00a0 \u00a0 \u00a0V2, Res.CAC\u00a0 \u00a0 Salamon L. \/Tal.\/<br>27.05.2018 KV Sladkovi\u010dovo Champion class:\u00a0 V1,CAC\u00a0 Leti\u0107-Pajki\u0107 \/SRB\/<br>08.06.2018 MVP Nitra Champion class:\u00a0V1,CAC, Res.CACIB\u00a0 Homem \/POR\/<br>09.06.2018 MVP Nitra  Champion class: V1,CAC, res.CACIB\u00a0 \u00a0Vojtekova \/SK\/<br>10.06.2018 MVP Nitra  Champion class:  V1,CAC,CACIB,BOS\u00a0 Fintorova\u00a0 \/SK\/<br>23.06.2018 MVP Brno  Champion class:  \u00a0V1,CAC,CACIB\u00a0 \u00a0Havelka T. \/SK\/<\/p>\n\n\n\n<h3 class=\"wp-block-heading\"> Exhibitions  2017<\/h3>\n\n\n\n<p>MVP Nitra 14.01.2017 \u2013 Open class: V1, CAC, CACIB, BOS \u00a0 Jursa J. \u00a0\/SK\/<br>MVP Nitra 15.01.2017 \u2013 Open class: V1, CAC, CACIB, BOS \u00a0 V\u00edtkov\u00e1 V. \/SK\/<br>MVP Bratislava 1.4.2017 \u2013  Champion class: V1, CAC, CACIB, BOS \u00a0 Bocianowski \/PL\/\u00a0<br>MVP Bratislava 1.4.2017 \u2013  Champion class:  V1, CAC,\u00a0R.CACIB \u00a0 Mitra \/RU\/<br>KV Sl\u00e1vkov u Brna 6.5.2017 \u2013  Champion class: V2, R.CAC \u00a0 D. di Matteo \/I\/<br>MVP Wieselburg 20.5.2017 \u2013  Champion class: V1,CAC, CACIB,BOS\u00a0<br>KV SetterDerby Kottingbrun \u2013 21.5.2017 \u2013  Champion class: V1,CACA Howes M. \/GB\/<br>MVP Nitra 2.6.2017 \u2013  Champion class: V1, CAC, CACIB,BOS \u00a0Fintorov\u00e1 \/SK\/<br>MVP Nitra 3.6.2017 \u2013  Champion class: V1, CAC, CACIB,BOS \u00a0Delmar \/IR\/<br>MVP Nitra 4.6.2017 \u2013  Champion class:  V1, R.CAC \u00a0 Kone\u010dn\u00fd M. \/SK\/<br>\u0160KV Biely Kostol 6.8.2017 \u2013  Champion class: V1,CAC \u00a0Ing.Jursa J.\/SK\/<br>MVP Mlad\u00e1 Boleslav 12.8.2017-  Champion class: V1, CAC, R.CACIB Pokorn A. \/HR\/<br>KV MSKAO Z\u00e1kupy 13.8.2017 \u2013  Champion class: V1, CAC, BOS\u00a0 \u00a0Konkiel J. \/ PL\/<br>MVP Bratislava 19.8.2017 \u2013  Champion class: V3\u00a0 \u00a0 \u00a0\u0160ormaz<br>MVP Bratislava 20.8.2017 \u2013  Champion class: V2, R.CAC\u00a0 \u00a0Jursa J. \/SK\/<br>MVP Nitra 16.9.2017 \u2013  Champion class:  V2, R.CAC, R.CACIB\u00a0 \u00a0Staviarska V. \/SK\/<br>MVP Nitra 17.9.2017 \u2013  Champion class:  V2, R.CAC\u00a0 \u00a0 Piskay V. \/SK\/<br>MVP Praha 4.11.2017 \u2013 Champion class:  V2, R.CAC\u00a0 \u00a0 Svato\u0148ov\u00e1 \/CZ\/<br>MVP Praha 5.11.2017 \u2013  Champion class:  V1,CAC, CACIB, BOS\u00a0 \u00a0Jokislita<br>MVP Nitra 9.11.2017 \u2013  Champion class:  V2, R.CAC\u00a0 \u00a0Lovenkjaer \/<br>MVP Nitra 10.12.2017 \u2013  Champion class:  V1, CAC\u00a0 \u00a0 V\u00edtkov\u00e1 V. \/SK\/<\/p>\n\n\n\n<h3 class=\"wp-block-heading\"> Exhibitions  2016<\/h3>\n\n\n\n<p>MVP Nitra 16.01.2016: V2,.CAC &nbsp;Kone\u010dn\u00fd M. \/SK\/<br>KV MSKAO Sl\u00e1vkov 07.05.2016: V4<br>KV SKPS D.Lu\u017en\u00e1: V1, CAC &nbsp; Ljubi\u010di\u010d N. \/HR\/<br>CVP Nitra 10.06.2016: V1, CAC &nbsp; Witkowska D. \/PL\/<br>MVP Nitra 11.06.2016: V1, CAC, R.CACIB &nbsp; Yerusalimsky E. \/RU\/<br>MVP Nitra 12.06.2016: V1, CAC, CACIB, BOS &nbsp; Ridar\u010d\u00edkov\u00e1 \/SK\/<br>\u0160KV Trnava 07.08. 2016: V1, CAC, V\u0160KV, BOB &nbsp; Stanovsk\u00fd M. \/SK\/<br>MVP Bratislava 20.08.2016:V2, R.CAC &nbsp; Stanovsk\u00fd M. \/SK\/<br>MVP Bratislava 20.08.2016: V1, CAC, R.CACIB &nbsp; Brabletz \/PL\/<br>MVP Praha 29.10.2016: V4 &nbsp; Long-Doyle Au. \/I\/&nbsp;<br>MVP Praha 30.10.2016: V1, CAC, R.CACIB &nbsp; Long-Doyle Ann \/I\/<br>MVP Nitra 03.12.2016: V1,CAC &nbsp; Omarov Z. \/GE\/<br>MVP Nitra 04.12.2016: V1,CAC&nbsp; &nbsp; Balogh Z. \/HU\/<\/p>\n\n\n\n<h3 class=\"wp-block-heading\"> Exhibitions  2015<\/h3>\n\n\n\n<p>CACIB Wels 05.12.2015 \u2013 V1,JB<br>CACIB Nitra 29.11.2015 \u2013 V1,CAJC<br>CACIB Nitra 28.11.2015 \u2013 V1,CAJC<br>CACIB Bratislava 25.10.2015 \u2013 V1, CAJC<br>CACIB Bratislava 24.10.2015 \u2013 V1, CAJC, BOS, BOJ<br>CACIB Tulln 26.09.2015 \u2013 V2<br>CACIB Bratislava 22.08.2015 \u2013 V1, CAJC<br>\u0160KV Trnava 09.08.2015 \u2013 V2<br>KV MSKAO Slavkov 09.05.2015 \u2013 VN1<br>CACIB Nitra 01.03.2015 \u2013 VN1<br>CACIB Nitra 28.02.2015 \u2013 VN1<\/p>\n\n\n<div id=\"grid-gallery-23-80880\" data-gg-id=\"23\" data-title=\"SAPHIRE\" data-grid-type=\"0\" data-offset=\"5.3\" data-area-position=\"center\" data-icons=\"\" data-preloader=\"true\" data-width=\"215\" data-height=\"215\" data-padding=\"0\" data-quicksand=\"disabled\" data-quicksand-duration=\"1800\" data-popup-theme=\"theme_6\" data-popup-type=\"pretty-photo\" data-popup-image-text=\"data-description\" data-popup-widthsize=\"auto\" data-popup-heightsize=\"auto\" data-popup-i18n-words=\"{&quot;close&quot;:&quot;close&quot;,&quot;next&quot;:&quot;next&quot;,&quot;previous&quot;:&quot;previous&quot;,&quot;start_slideshow&quot;:&quot;start slideshow&quot;,&quot;stop_slideshow&quot;:&quot;stop slideshow&quot;,&quot;image&quot;:&quot;image&quot;,&quot;of&quot;:&quot;of&quot;,&quot;prev&quot;:&quot;prev&quot;,&quot;cExpand&quot;:&quot;Expand&quot;,&quot;cPrevious&quot;:&quot;Previous&quot;,&quot;cNext&quot;:&quot;Next&quot;,&quot;cExpandStr&quot;:&quot;Expand the image&quot;,&quot;cRotate&quot;:&quot;Rotate&quot;,&quot;cDetails&quot;:&quot;Details&quot;}\" data-popup-slideshow=\"false\" data-popup-slideshow-speed=\"2500\" data-popup-hoverstop=\"true\" data-popup-slideshow-auto=\"false\" data-popup-background=\"\" data-popup-transparency=\"30\" data-popup-disable-history=\"\" data-popup-disable-changed-url=\"\" data-popup-border-type=\"\" data-popup-border-color=\"\" data-popup-border-width=\"\" data-popup-border-enable=\"\" data-fullscreen=\"false\" data-hide-tooltip=\"false\" data-caption-font-family=\"Default\" data-caption-text-size=\"140\" data-is-mobile=\"0\" data-caption-mobile=\"false\" data-hide-long-tltp-title=\"0\" data-caption-disabled-on-mobile=\"false\" data-popup-placement-type=\"0\" data-social-sharing=\"{&quot;enabled&quot;:&quot;&quot;,&quot;gallerySharing&quot;:{&quot;enabled&quot;:null,&quot;position&quot;:null},&quot;imageSharing&quot;:{&quot;enabled&quot;:null,&quot;wrapperClass&quot;:&quot; vertical &quot;},&quot;popupSharing&quot;:{&quot;enabled&quot;:null,&quot;wrapperClass&quot;:&quot; vertical &quot;}}\" class=\"grid-gallery grid-gallery-fixed \" style=\" width:100%; height:auto; margin-left:auto; margin-right:auto;position:relative;\"> <div class=\"gallery-loading\"> <div class=\"blocks\"> <div class=\"block\"><\/div> <div class=\"block\"><\/div> <div class=\"block\"><\/div> <div class=\"block\"><\/div> <\/div> <\/div> <div class=\"gallery-sharing-top\"><\/div> <div id=\"photos-23\" class=\"grid-gallery-photos\"><FIGURE class=\"grid-gallery-caption\" data-grid-gallery-type=\"quarter-slide-up\" data-index=\"0\" style=\"display:none;border-radius:00;; margin:5.3px; width:2150;\" ><div class=\"crop\" style=\" width:2150; height:2150; overflow:hidden;\"><img decoding=\"async\" src=\"http:\/\/www.irishsetter.sk\/wp-content\/uploads\/2020\/01\/1631-215x215.jpg\" class=\"ggImg\" alt=\"163[1]\" title=\"163[1]\" data-description=\"163[1]\" data-caption=\"163[1]\" data-title=\"163[1]\" style=\" width:215px; height:215px;\" \/><\/div><FIGCAPTION class=\"\" data-alpha=\"5\" style=\"color:#ffffff; background-color:#6f0000; font-size:140; text-align:2; font-family:Default;\" ><div class=\"grid-gallery-figcaption-wrap\" style=\"\"><\/div><\/FIGCAPTION><\/FIGURE><FIGURE class=\"grid-gallery-caption\" data-grid-gallery-type=\"quarter-slide-up\" data-index=\"1\" style=\"display:none;border-radius:00;; margin:5.3px; width:2150;\" ><div class=\"crop\" style=\" width:2150; height:2150; overflow:hidden;\"><img decoding=\"async\" src=\"http:\/\/www.irishsetter.sk\/wp-content\/uploads\/2020\/01\/1711-215x215.jpg\" class=\"ggImg\" alt=\"171[1]\" title=\"171[1]\" data-description=\"171[1]\" data-caption=\"171[1]\" data-title=\"171[1]\" style=\" width:215px; height:215px;\" \/><\/div><FIGCAPTION class=\"\" data-alpha=\"5\" style=\"color:#ffffff; background-color:#6f0000; font-size:140; text-align:2; font-family:Default;\" ><div class=\"grid-gallery-figcaption-wrap\" style=\"\"><\/div><\/FIGCAPTION><\/FIGURE><FIGURE class=\"grid-gallery-caption\" data-grid-gallery-type=\"quarter-slide-up\" data-index=\"2\" style=\"display:none;border-radius:00;; margin:5.3px; width:2150;\" ><div class=\"crop\" style=\" width:2150; height:2150; overflow:hidden;\"><img decoding=\"async\" src=\"http:\/\/www.irishsetter.sk\/wp-content\/uploads\/2020\/01\/1571-215x215.jpg\" class=\"ggImg\" alt=\"157[1]\" title=\"157[1]\" data-description=\"157[1]\" data-caption=\"157[1]\" data-title=\"157[1]\" style=\" width:215px; height:215px;\" \/><\/div><FIGCAPTION class=\"\" data-alpha=\"5\" style=\"color:#ffffff; background-color:#6f0000; font-size:140; text-align:2; font-family:Default;\" ><div class=\"grid-gallery-figcaption-wrap\" style=\"\"><\/div><\/FIGCAPTION><\/FIGURE><FIGURE class=\"grid-gallery-caption\" data-grid-gallery-type=\"quarter-slide-up\" data-index=\"3\" style=\"display:none;border-radius:00;; margin:5.3px; width:2150;\" ><div class=\"crop\" style=\" width:2150; height:2150; overflow:hidden;\"><img decoding=\"async\" src=\"http:\/\/www.irishsetter.sk\/wp-content\/uploads\/2020\/01\/1511-215x215.jpg\" class=\"ggImg\" alt=\"151[1]\" title=\"151[1]\" data-description=\"151[1]\" data-caption=\"151[1]\" data-title=\"151[1]\" style=\" width:215px; height:215px;\" \/><\/div><FIGCAPTION class=\"\" data-alpha=\"5\" style=\"color:#ffffff; background-color:#6f0000; font-size:140; text-align:2; font-family:Default;\" ><div class=\"grid-gallery-figcaption-wrap\" style=\"\"><\/div><\/FIGCAPTION><\/FIGURE><FIGURE class=\"grid-gallery-caption\" data-grid-gallery-type=\"quarter-slide-up\" data-index=\"4\" style=\"display:none;border-radius:00;; margin:5.3px; width:2150;\" ><div class=\"crop\" style=\" width:2150; height:2150; overflow:hidden;\"><img decoding=\"async\" src=\"http:\/\/www.irishsetter.sk\/wp-content\/uploads\/2020\/01\/1501-215x215.jpg\" class=\"ggImg\" alt=\"150[1]\" title=\"150[1]\" data-description=\"150[1]\" data-caption=\"150[1]\" data-title=\"150[1]\" style=\" width:215px; height:215px;\" \/><\/div><FIGCAPTION class=\"\" data-alpha=\"5\" style=\"color:#ffffff; background-color:#6f0000; font-size:140; text-align:2; font-family:Default;\" ><div class=\"grid-gallery-figcaption-wrap\" style=\"\"><\/div><\/FIGCAPTION><\/FIGURE><FIGURE class=\"grid-gallery-caption\" data-grid-gallery-type=\"quarter-slide-up\" data-index=\"5\" style=\"display:none;border-radius:00;; margin:5.3px; width:2150;\" ><div class=\"crop\" style=\" width:2150; height:2150; overflow:hidden;\"><img decoding=\"async\" src=\"http:\/\/www.irishsetter.sk\/wp-content\/uploads\/2020\/01\/1491-215x215.jpg\" class=\"ggImg\" alt=\"149[1]\" title=\"149[1]\" data-description=\"149[1]\" data-caption=\"149[1]\" data-title=\"149[1]\" style=\" width:215px; height:215px;\" \/><\/div><FIGCAPTION class=\"\" data-alpha=\"5\" style=\"color:#ffffff; background-color:#6f0000; font-size:140; text-align:2; font-family:Default;\" ><div class=\"grid-gallery-figcaption-wrap\" style=\"\"><\/div><\/FIGCAPTION><\/FIGURE><FIGURE class=\"grid-gallery-caption\" data-grid-gallery-type=\"quarter-slide-up\" data-index=\"6\" style=\"display:none;border-radius:00;; margin:5.3px; width:2150;\" ><div class=\"crop\" style=\" width:2150; height:2150; overflow:hidden;\"><img decoding=\"async\" src=\"http:\/\/www.irishsetter.sk\/wp-content\/uploads\/2020\/01\/1481-215x215.jpg\" class=\"ggImg\" alt=\"148[1]\" title=\"148[1]\" data-description=\"148[1]\" data-caption=\"148[1]\" data-title=\"148[1]\" style=\" width:215px; height:215px;\" \/><\/div><FIGCAPTION class=\"\" data-alpha=\"5\" style=\"color:#ffffff; background-color:#6f0000; font-size:140; text-align:2; font-family:Default;\" ><div class=\"grid-gallery-figcaption-wrap\" style=\"\"><\/div><\/FIGCAPTION><\/FIGURE><FIGURE class=\"grid-gallery-caption\" data-grid-gallery-type=\"quarter-slide-up\" data-index=\"7\" style=\"display:none;border-radius:00;; margin:5.3px; width:2150;\" ><div class=\"crop\" style=\" width:2150; height:2150; overflow:hidden;\"><img decoding=\"async\" src=\"http:\/\/www.irishsetter.sk\/wp-content\/uploads\/2020\/01\/1411-215x215.jpg\" class=\"ggImg\" alt=\"141[1]\" title=\"141[1]\" data-description=\"141[1]\" data-caption=\"141[1]\" data-title=\"141[1]\" style=\" width:215px; height:215px;\" \/><\/div><FIGCAPTION class=\"\" data-alpha=\"5\" style=\"color:#ffffff; background-color:#6f0000; font-size:140; text-align:2; font-family:Default;\" ><div class=\"grid-gallery-figcaption-wrap\" style=\"\"><\/div><\/FIGCAPTION><\/FIGURE><FIGURE class=\"grid-gallery-caption\" data-grid-gallery-type=\"quarter-slide-up\" data-index=\"8\" style=\"display:none;border-radius:00;; margin:5.3px; width:2150;\" ><div class=\"crop\" style=\" width:2150; height:2150; overflow:hidden;\"><img decoding=\"async\" src=\"http:\/\/www.irishsetter.sk\/wp-content\/uploads\/2020\/01\/1401-215x215.jpg\" class=\"ggImg\" alt=\"140[1]\" title=\"140[1]\" data-description=\"140[1]\" data-caption=\"140[1]\" data-title=\"140[1]\" style=\" width:215px; height:215px;\" \/><\/div><FIGCAPTION class=\"\" data-alpha=\"5\" style=\"color:#ffffff; background-color:#6f0000; font-size:140; text-align:2; font-family:Default;\" ><div class=\"grid-gallery-figcaption-wrap\" style=\"\"><\/div><\/FIGCAPTION><\/FIGURE><FIGURE class=\"grid-gallery-caption\" data-grid-gallery-type=\"quarter-slide-up\" data-index=\"9\" style=\"display:none;border-radius:00;; margin:5.3px; width:2150;\" ><div class=\"crop\" style=\" width:2150; height:2150; overflow:hidden;\"><img decoding=\"async\" src=\"http:\/\/www.irishsetter.sk\/wp-content\/uploads\/2020\/01\/1381-215x215.jpg\" class=\"ggImg\" alt=\"138[1]\" title=\"138[1]\" data-description=\"138[1]\" data-caption=\"138[1]\" data-title=\"138[1]\" style=\" width:215px; height:215px;\" \/><\/div><FIGCAPTION class=\"\" data-alpha=\"5\" style=\"color:#ffffff; background-color:#6f0000; font-size:140; text-align:2; font-family:Default;\" ><div class=\"grid-gallery-figcaption-wrap\" style=\"\"><\/div><\/FIGCAPTION><\/FIGURE><FIGURE class=\"grid-gallery-caption\" data-grid-gallery-type=\"quarter-slide-up\" data-index=\"10\" style=\"display:none;border-radius:00;; margin:5.3px; width:2150;\" ><div class=\"crop\" style=\" width:2150; height:2150; overflow:hidden;\"><img decoding=\"async\" src=\"http:\/\/www.irishsetter.sk\/wp-content\/uploads\/2020\/01\/1371-215x215.jpg\" class=\"ggImg\" alt=\"137[1]\" title=\"137[1]\" data-description=\"137[1]\" data-caption=\"137[1]\" data-title=\"137[1]\" style=\" width:215px; height:215px;\" \/><\/div><FIGCAPTION class=\"\" data-alpha=\"5\" style=\"color:#ffffff; background-color:#6f0000; font-size:140; text-align:2; font-family:Default;\" ><div class=\"grid-gallery-figcaption-wrap\" style=\"\"><\/div><\/FIGCAPTION><\/FIGURE><FIGURE class=\"grid-gallery-caption\" data-grid-gallery-type=\"quarter-slide-up\" data-index=\"11\" style=\"display:none;border-radius:00;; margin:5.3px; width:2150;\" ><div class=\"crop\" style=\" width:2150; height:2150; overflow:hidden;\"><img decoding=\"async\" src=\"http:\/\/www.irishsetter.sk\/wp-content\/uploads\/2020\/01\/1341-1-215x215.png\" class=\"ggImg\" alt=\"134[1]\" title=\"134[1]\" data-description=\"134[1]\" data-caption=\"134[1]\" data-title=\"134[1]\" style=\" width:215px; height:215px;\" \/><\/div><FIGCAPTION class=\"\" data-alpha=\"5\" style=\"color:#ffffff; background-color:#6f0000; font-size:140; text-align:2; font-family:Default;\" ><div class=\"grid-gallery-figcaption-wrap\" style=\"\"><\/div><\/FIGCAPTION><\/FIGURE><FIGURE class=\"grid-gallery-caption\" data-grid-gallery-type=\"quarter-slide-up\" data-index=\"12\" style=\"display:none;border-radius:00;; margin:5.3px; width:2150;\" ><div class=\"crop\" style=\" width:2150; height:2150; overflow:hidden;\"><img decoding=\"async\" src=\"http:\/\/www.irishsetter.sk\/wp-content\/uploads\/2020\/01\/1331-1-215x215.jpg\" class=\"ggImg\" alt=\"133[1]\" title=\"133[1]\" data-description=\"133[1]\" data-caption=\"133[1]\" data-title=\"133[1]\" style=\" width:215px; height:215px;\" \/><\/div><FIGCAPTION class=\"\" data-alpha=\"5\" style=\"color:#ffffff; background-color:#6f0000; font-size:140; text-align:2; font-family:Default;\" ><div class=\"grid-gallery-figcaption-wrap\" style=\"\"><\/div><\/FIGCAPTION><\/FIGURE> <div class=\"grid-gallery-clearfix\"><\/div> <\/div> <div class=\"gallery-sharing-bottom\"><\/div> <div class=\"grid-gallery-clearfix\"><\/div> <\/div> <!-- Gallery by Supsystic plugin1.15.21 --><a title=\"Wordpress Gallery Plugin Free\" style=\"display:none;\" href=\"https:\/\/supsystic.com\/plugins\/photo-gallery\/?utm_medium=love_link\" target=\"_blank\">Wordpress Gallery Plugin Free<\/a>\n","protected":false},"excerpt":{"rendered":"<p>Born:&nbsp;23.09.2014 DBK:&nbsp;0\/0 \u2013 ASPKP:&nbsp;1878 PRA rcd 1:&nbsp;Clear N\/N CLAD:&nbsp;Clear N\/NTitles:&nbsp;JCH SR, CHSR,Exam:&nbsp;TAN Mal\u017eenice 10.5.2015 \u2013 passed,MFT Budmerice 24.4.2016 derby solo \u2013 D, 6b.MFT Doj\u010d 8.4.2017 &nbsp;derby solo \u2013 12b. Exhibitions 2018 03.02.2018 MVP Brno Champion class:\u00a0 \u00a0 \u00a0 \u00a0 \u00a0V2, Res.CAC\u00a0 \u00a0Burski W. \/PL\/04.02.2018 MVP Brno Champion class :\u00a0 \u00a0 \u00a0 \u00a0 V3\u00a0 \u00a0 Stockmari [&hellip;]<\/p>\n","protected":false},"author":4,"featured_media":0,"parent":0,"menu_order":0,"comment_status":"closed","ping_status":"closed","template":"","meta":{"footnotes":""},"_links":{"self":[{"href":"https:\/\/www.irishsetter.sk\/index.php?rest_route=\/wp\/v2\/pages\/943"}],"collection":[{"href":"https:\/\/www.irishsetter.sk\/index.php?rest_route=\/wp\/v2\/pages"}],"about":[{"href":"https:\/\/www.irishsetter.sk\/index.php?rest_route=\/wp\/v2\/types\/page"}],"author":[{"embeddable":true,"href":"https:\/\/www.irishsetter.sk\/index.php?rest_route=\/wp\/v2\/users\/4"}],"replies":[{"embeddable":true,"href":"https:\/\/www.irishsetter.sk\/index.php?rest_route=%2Fwp%2Fv2%2Fcomments&post=943"}],"version-history":[{"count":5,"href":"https:\/\/www.irishsetter.sk\/index.php?rest_route=\/wp\/v2\/pages\/943\/revisions"}],"predecessor-version":[{"id":1147,"href":"https:\/\/www.irishsetter.sk\/index.php?rest_route=\/wp\/v2\/pages\/943\/revisions\/1147"}],"wp:attachment":[{"href":"https:\/\/www.irishsetter.sk\/index.php?rest_route=%2Fwp%2Fv2%2Fmedia&parent=943"}],"curies":[{"name":"wp","href":"https:\/\/api.w.org\/{rel}","templated":true}]}}