{"id":946,"date":"2020-01-15T18:23:56","date_gmt":"2020-01-15T18:23:56","guid":{"rendered":"http:\/\/www.irishsetter.sk\/?page_id=946"},"modified":"2024-03-20T07:07:55","modified_gmt":"2024-03-20T07:07:55","slug":"stellar-clusters-jay-slovak-base-en","status":"publish","type":"page","link":"https:\/\/www.irishsetter.sk\/?page_id=946","title":{"rendered":"STELLAR CLUSTERS Jay Slovak Base EN"},"content":{"rendered":"\n<p><strong>Born:&nbsp;<\/strong>23.09.2014<\/p>\n\n\n\n<p><strong>DBK:<\/strong>&nbsp;0\/0 \u2013 A<strong><br>SPKP:&nbsp;<\/strong>1879<br><strong>Titles:<\/strong>&nbsp;JCH SR, CHSR,<br><strong>Exam:&nbsp;<\/strong>TAN B.Kostol 17.10.2015 \u2013 passed,<br>DERBY solo Vl\u010dany 15.4.2016 \u2013 D, 9b.&nbsp;<br>NFT Blatn\u00e9 16.10.2016 derby solo \u2013 VD 15b.<\/p>\n\n\n\n<h3 class=\"wp-block-heading\">Exhibitions 2018<\/h3>\n\n\n\n<p>03.02.2018 MVP Brno working class:\u00a0 \u00a0V1, CAC\u00a0 \u00a0Burski W. \/PL\/<br>04.02.2018 MVP Brno working class :\u00a0 \u00a0V1, CAC, CACIB, BOB\u00a0 Stokmari H. \/FIN\/<\/p>\n\n\n\n<h3 class=\"wp-block-heading\"> Exhibitions  2017<\/h3>\n\n\n\n<p>MVP Nitra 14.01.2017 \u2013 working class: V1, CAC \u00a0 Jursa J. \/SK\/<br>MVP Nitra 15.01.2017\u00a0\u2013 working class: V1, CAC \u00a0 V\u00edtkov\u00e1 V. \/SK\/<br>MVP Bratislava 1.4.2017 \u2013 working class: V2, R.CAC \u00a0 Bocianowski \/PL\/\u00a0<br>MVP Bratislava 1.4.2017 \u2013 working class: V2, R.CAC \u00a0 Mitra \/\u00a0RU\/<br>KV Vl\u010dkovce \u00a021.5.2017 \u2013 working class: V2, R.CAC \u00a0 Gyarfas M. \/HU\/<br>MVP Nitra 2.6.2017 \u2013 working class: V1 \u00a0 Fintorov\u00e1 \/SK\/<br>MVP Nitra 3.6.2017 \u2013 working class: V1, CAC \u00a0 Delmar \/IR\/<br>MVP Nitra 4.6.2017 \u2013 working class: V1, CAC, CACIB, BOS \u00a0 Kone\u010dn\u00fd M. \/SK\/<br>KV Biely Kostol 6.8.2017 \u2013 working class: V1,CAC, Winner \u0160KV, BOS, The most beautiful working dog \u0160KV \u00a0 Ing.Jursa J. \/SK\/<br>MVP Mlad\u00e1 Boleslav 12.8.2017-  working class :V1, CAC\u00a0 \u00a0 \u00a0Pokorn A. \/HR\/<br>\u0160KV MSKAO Z\u00e1kupy 13.8.2017 \u2013  working class : V1, CAC\u00a0 Konkiel J. \/ PL\/<br>MVP Bratislava 19.8.2017 \u2013  working class : V1,CAC, R.CACIB\u00a0 \u00a0 \u0160ormaz<br>MVP Bratislava 20.8.2017 \u2013  working class : V1, R.CACIB\u00a0 \u00a0Jursa J. \/SK\/<br>MVP Nitra 16.9.2017 \u2013  working class :\u00a0V1, CAC\u00a0 Staviarska V. \/SK\/<br>MVP Nitra 17.9.2017 \u2013  working class :\u00a0V1, CAC\u00a0 \u00a0 Piskay V. \/SK\/<br>MVP Praha 4.11.2017 \u2013  working class : V3\u00a0 \u00a0Svato\u0148ov\u00e1 \/CZ\/<br>MVP Praha 5.11.2017 \u2013  working class :\u00a0V1,CAC\u00a0 Jokislita<br>MVP Nitra 9.11.2017 \u2013  working class : V1, CAC, CACAIB, BOS\u00a0 \u00a0 Lovenkjaer \/<br>MVP Nitra 10.12.2017 \u2013  working class : V1, CAC, R.CACIB\u00a0 \u00a0 V\u00edtkov\u00e1 V. \/SK\/<\/p>\n\n\n\n<h3 class=\"wp-block-heading\"> Exhibitions  2016<\/h3>\n\n\n\n<p>MVP Nitra 16.01.2016: V1, CAJC &nbsp;Kone\u010dn\u00fd M. \/SK\/<br>MVP Nitra 03.04.2016: V1, CAJC &nbsp; Borges M.L. \/PT\/<br>KV MSKAO Sl\u00e1vkov 07.05.2016: V1, CAC<br>KV SKPS D.Lu\u017en\u00e1 22.05.2016: V1, CAC &nbsp; Ljubic\u010di\u010d N. \/HR\/<br>CVP Nitra 10.06.2016: V1, CAC &nbsp; &nbsp;Witkowska D. \/PL\/<br>MVP Nitra 11.06.2016: V1 &nbsp; Yerusalimsky E. \/RU\/<br>MVP Nitra 12.06.2016: V1, CAC, R.CACIB &nbsp; Ridar\u010d\u00edkov\u00e1 \/SK\/<br>\u0160KV Trnava 07.08. 2016: V2, R.CAC &nbsp; Stanovsk\u00fd M. \/SK\/<br>MVP Bratislava 20.08.2016: V1, CAC &nbsp; Stanovsk\u00fd M. \/SK\/<br>MVP Bratislava 20.08.2016: V1, CAC &nbsp; Brabletz \/PL\/<br>NVP Brno 24.09.2016: V1, CAC, Nar. v\u00edt\u011bz, BOS &nbsp; \u0160imek F. \/CZ\/<br>MVP Nitra 03.12.2016: V2 &nbsp; Omarov Z. \/GE\/<br>MVP Nitra 04.12.2016: V1,CAC&nbsp; &nbsp; Balogh Z. \/HU\/<\/p>\n\n\n\n<h3 class=\"wp-block-heading\"> Exhibitions  2015<\/h3>\n\n\n\n<p>CACIB BA 23.8.2015-V1,CAJC<\/p>\n\n\n<div id=\"grid-gallery-25-6516\" data-gg-id=\"25\" data-title=\"STELLAR CLUSTERS\" data-grid-type=\"0\" data-offset=\"5.3\" data-area-position=\"center\" data-icons=\"\" data-preloader=\"true\" data-width=\"215\" data-height=\"215\" data-padding=\"0\" data-quicksand=\"disabled\" data-quicksand-duration=\"1800\" data-popup-theme=\"theme_6\" data-popup-type=\"pretty-photo\" data-popup-image-text=\"data-description\" data-popup-widthsize=\"auto\" data-popup-heightsize=\"auto\" data-popup-i18n-words=\"{&quot;close&quot;:&quot;close&quot;,&quot;next&quot;:&quot;next&quot;,&quot;previous&quot;:&quot;previous&quot;,&quot;start_slideshow&quot;:&quot;start slideshow&quot;,&quot;stop_slideshow&quot;:&quot;stop slideshow&quot;,&quot;image&quot;:&quot;image&quot;,&quot;of&quot;:&quot;of&quot;,&quot;prev&quot;:&quot;prev&quot;,&quot;cExpand&quot;:&quot;Expand&quot;,&quot;cPrevious&quot;:&quot;Previous&quot;,&quot;cNext&quot;:&quot;Next&quot;,&quot;cExpandStr&quot;:&quot;Expand the image&quot;,&quot;cRotate&quot;:&quot;Rotate&quot;,&quot;cDetails&quot;:&quot;Details&quot;}\" data-popup-slideshow=\"false\" data-popup-slideshow-speed=\"2500\" data-popup-hoverstop=\"true\" data-popup-slideshow-auto=\"false\" data-popup-background=\"\" data-popup-transparency=\"30\" data-popup-disable-history=\"\" data-popup-disable-changed-url=\"\" data-popup-border-type=\"\" data-popup-border-color=\"\" data-popup-border-width=\"\" data-popup-border-enable=\"\" data-fullscreen=\"false\" data-hide-tooltip=\"false\" data-caption-font-family=\"Default\" data-caption-text-size=\"140\" data-is-mobile=\"0\" data-caption-mobile=\"false\" data-hide-long-tltp-title=\"0\" data-caption-disabled-on-mobile=\"false\" data-popup-placement-type=\"0\" data-social-sharing=\"{&quot;enabled&quot;:&quot;&quot;,&quot;gallerySharing&quot;:{&quot;enabled&quot;:null,&quot;position&quot;:null},&quot;imageSharing&quot;:{&quot;enabled&quot;:null,&quot;wrapperClass&quot;:&quot; vertical &quot;},&quot;popupSharing&quot;:{&quot;enabled&quot;:null,&quot;wrapperClass&quot;:&quot; vertical &quot;}}\" class=\"grid-gallery grid-gallery-fixed \" style=\" width:100%; height:auto; margin-left:auto; margin-right:auto;position:relative;\"> <div class=\"gallery-loading\"> <div class=\"blocks\"> <div class=\"block\"><\/div> <div class=\"block\"><\/div> <div class=\"block\"><\/div> <div class=\"block\"><\/div> <\/div> <\/div> <div class=\"gallery-sharing-top\"><\/div> <div id=\"photos-25\" class=\"grid-gallery-photos\"><FIGURE class=\"grid-gallery-caption\" data-grid-gallery-type=\"quarter-slide-up\" data-index=\"0\" style=\"display:none;border-radius:00;; margin:5.3px; width:2150;\" ><div class=\"crop\" style=\" width:2150; height:2150; overflow:hidden;\"><img decoding=\"async\" src=\"http:\/\/www.irishsetter.sk\/wp-content\/uploads\/2020\/01\/1361-215x215.jpg\" class=\"ggImg\" alt=\"136[1]\" title=\"136[1]\" data-description=\"136[1]\" data-caption=\"136[1]\" data-title=\"136[1]\" style=\" width:215px; height:215px;\" \/><\/div><FIGCAPTION class=\"\" data-alpha=\"5\" style=\"color:#ffffff; background-color:#6f0000; font-size:140; text-align:2; font-family:Default;\" ><div class=\"grid-gallery-figcaption-wrap\" style=\"\"><\/div><\/FIGCAPTION><\/FIGURE><FIGURE class=\"grid-gallery-caption\" data-grid-gallery-type=\"quarter-slide-up\" data-index=\"1\" style=\"display:none;border-radius:00;; margin:5.3px; width:2150;\" ><div class=\"crop\" style=\" width:2150; height:2150; overflow:hidden;\"><img decoding=\"async\" src=\"http:\/\/www.irishsetter.sk\/wp-content\/uploads\/2020\/01\/1391-215x215.jpg\" class=\"ggImg\" alt=\"139[1]\" title=\"139[1]\" data-description=\"139[1]\" data-caption=\"139[1]\" data-title=\"139[1]\" style=\" width:215px; height:215px;\" \/><\/div><FIGCAPTION class=\"\" data-alpha=\"5\" style=\"color:#ffffff; background-color:#6f0000; font-size:140; text-align:2; font-family:Default;\" ><div class=\"grid-gallery-figcaption-wrap\" style=\"\"><\/div><\/FIGCAPTION><\/FIGURE><FIGURE class=\"grid-gallery-caption\" data-grid-gallery-type=\"quarter-slide-up\" data-index=\"2\" style=\"display:none;border-radius:00;; margin:5.3px; width:2150;\" ><div class=\"crop\" style=\" width:2150; height:2150; overflow:hidden;\"><img decoding=\"async\" src=\"http:\/\/www.irishsetter.sk\/wp-content\/uploads\/2020\/01\/1421-215x215.jpg\" class=\"ggImg\" alt=\"142[1]\" title=\"142[1]\" data-description=\"142[1]\" data-caption=\"142[1]\" data-title=\"142[1]\" style=\" width:215px; height:215px;\" \/><\/div><FIGCAPTION class=\"\" data-alpha=\"5\" style=\"color:#ffffff; background-color:#6f0000; font-size:140; text-align:2; font-family:Default;\" ><div class=\"grid-gallery-figcaption-wrap\" style=\"\"><\/div><\/FIGCAPTION><\/FIGURE><FIGURE class=\"grid-gallery-caption\" data-grid-gallery-type=\"quarter-slide-up\" data-index=\"3\" style=\"display:none;border-radius:00;; margin:5.3px; width:2150;\" ><div class=\"crop\" style=\" width:2150; height:2150; overflow:hidden;\"><img decoding=\"async\" src=\"http:\/\/www.irishsetter.sk\/wp-content\/uploads\/2020\/01\/1431-215x215.jpg\" class=\"ggImg\" alt=\"143[1]\" title=\"143[1]\" data-description=\"143[1]\" data-caption=\"143[1]\" data-title=\"143[1]\" style=\" width:215px; height:215px;\" \/><\/div><FIGCAPTION class=\"\" data-alpha=\"5\" style=\"color:#ffffff; background-color:#6f0000; font-size:140; text-align:2; font-family:Default;\" ><div class=\"grid-gallery-figcaption-wrap\" style=\"\"><\/div><\/FIGCAPTION><\/FIGURE><FIGURE class=\"grid-gallery-caption\" data-grid-gallery-type=\"quarter-slide-up\" data-index=\"4\" style=\"display:none;border-radius:00;; margin:5.3px; width:2150;\" ><div class=\"crop\" style=\" width:2150; height:2150; overflow:hidden;\"><img decoding=\"async\" src=\"http:\/\/www.irishsetter.sk\/wp-content\/uploads\/2020\/01\/1541-215x215.jpg\" class=\"ggImg\" alt=\"154[1]\" title=\"154[1]\" data-description=\"154[1]\" data-caption=\"154[1]\" data-title=\"154[1]\" style=\" width:215px; height:215px;\" \/><\/div><FIGCAPTION class=\"\" data-alpha=\"5\" style=\"color:#ffffff; background-color:#6f0000; font-size:140; text-align:2; font-family:Default;\" ><div class=\"grid-gallery-figcaption-wrap\" style=\"\"><\/div><\/FIGCAPTION><\/FIGURE><FIGURE class=\"grid-gallery-caption\" data-grid-gallery-type=\"quarter-slide-up\" data-index=\"5\" style=\"display:none;border-radius:00;; margin:5.3px; width:2150;\" ><div class=\"crop\" style=\" width:2150; height:2150; overflow:hidden;\"><img decoding=\"async\" src=\"http:\/\/www.irishsetter.sk\/wp-content\/uploads\/2020\/01\/1551-215x215.jpg\" class=\"ggImg\" alt=\"155[1]\" title=\"155[1]\" data-description=\"155[1]\" data-caption=\"155[1]\" data-title=\"155[1]\" style=\" width:215px; height:215px;\" \/><\/div><FIGCAPTION class=\"\" data-alpha=\"5\" style=\"color:#ffffff; background-color:#6f0000; font-size:140; text-align:2; font-family:Default;\" ><div class=\"grid-gallery-figcaption-wrap\" style=\"\"><\/div><\/FIGCAPTION><\/FIGURE><FIGURE class=\"grid-gallery-caption\" data-grid-gallery-type=\"quarter-slide-up\" data-index=\"6\" style=\"display:none;border-radius:00;; margin:5.3px; width:2150;\" ><div class=\"crop\" style=\" width:2150; height:2150; overflow:hidden;\"><img decoding=\"async\" src=\"http:\/\/www.irishsetter.sk\/wp-content\/uploads\/2020\/01\/1561-215x215.jpg\" class=\"ggImg\" alt=\"156[1]\" title=\"156[1]\" data-description=\"156[1]\" data-caption=\"156[1]\" data-title=\"156[1]\" style=\" width:215px; height:215px;\" \/><\/div><FIGCAPTION class=\"\" data-alpha=\"5\" style=\"color:#ffffff; background-color:#6f0000; font-size:140; text-align:2; font-family:Default;\" ><div class=\"grid-gallery-figcaption-wrap\" style=\"\"><\/div><\/FIGCAPTION><\/FIGURE><FIGURE class=\"grid-gallery-caption\" data-grid-gallery-type=\"quarter-slide-up\" data-index=\"7\" style=\"display:none;border-radius:00;; margin:5.3px; width:2150;\" ><div class=\"crop\" style=\" width:2150; height:2150; overflow:hidden;\"><img decoding=\"async\" src=\"http:\/\/www.irishsetter.sk\/wp-content\/uploads\/2020\/01\/1621-215x215.jpg\" class=\"ggImg\" alt=\"162[1]\" title=\"162[1]\" data-description=\"162[1]\" data-caption=\"162[1]\" data-title=\"162[1]\" style=\" width:215px; height:215px;\" \/><\/div><FIGCAPTION class=\"\" data-alpha=\"5\" style=\"color:#ffffff; background-color:#6f0000; font-size:140; text-align:2; font-family:Default;\" ><div class=\"grid-gallery-figcaption-wrap\" style=\"\"><\/div><\/FIGCAPTION><\/FIGURE><FIGURE class=\"grid-gallery-caption\" data-grid-gallery-type=\"quarter-slide-up\" data-index=\"8\" style=\"display:none;border-radius:00;; margin:5.3px; width:2150;\" ><div class=\"crop\" style=\" width:2150; height:2150; overflow:hidden;\"><img decoding=\"async\" src=\"http:\/\/www.irishsetter.sk\/wp-content\/uploads\/2020\/01\/1691-1-215x215.jpg\" class=\"ggImg\" alt=\"169[1]\" title=\"169[1]\" data-description=\"169[1]\" data-caption=\"169[1]\" data-title=\"169[1]\" style=\" width:215px; height:215px;\" \/><\/div><FIGCAPTION class=\"\" data-alpha=\"5\" style=\"color:#ffffff; background-color:#6f0000; font-size:140; text-align:2; font-family:Default;\" ><div class=\"grid-gallery-figcaption-wrap\" style=\"\"><\/div><\/FIGCAPTION><\/FIGURE><FIGURE class=\"grid-gallery-caption\" data-grid-gallery-type=\"quarter-slide-up\" data-index=\"9\" style=\"display:none;border-radius:00;; margin:5.3px; width:2150;\" ><div class=\"crop\" style=\" width:2150; height:2150; overflow:hidden;\"><img decoding=\"async\" src=\"http:\/\/www.irishsetter.sk\/wp-content\/uploads\/2020\/01\/1701-215x215.jpg\" class=\"ggImg\" alt=\"170[1]\" title=\"170[1]\" data-description=\"170[1]\" data-caption=\"170[1]\" data-title=\"170[1]\" style=\" width:215px; height:215px;\" \/><\/div><FIGCAPTION class=\"\" data-alpha=\"5\" style=\"color:#ffffff; background-color:#6f0000; font-size:140; text-align:2; font-family:Default;\" ><div class=\"grid-gallery-figcaption-wrap\" style=\"\"><\/div><\/FIGCAPTION><\/FIGURE><FIGURE class=\"grid-gallery-caption\" data-grid-gallery-type=\"quarter-slide-up\" data-index=\"10\" style=\"display:none;border-radius:00;; margin:5.3px; width:2150;\" ><div class=\"crop\" style=\" width:2150; height:2150; overflow:hidden;\"><img decoding=\"async\" src=\"http:\/\/www.irishsetter.sk\/wp-content\/uploads\/2020\/01\/1641-215x215.jpg\" class=\"ggImg\" alt=\"164[1]\" title=\"164[1]\" data-description=\"164[1]\" data-caption=\"164[1]\" data-title=\"164[1]\" style=\" width:215px; height:215px;\" \/><\/div><FIGCAPTION class=\"\" data-alpha=\"5\" style=\"color:#ffffff; background-color:#6f0000; font-size:140; text-align:2; font-family:Default;\" ><div class=\"grid-gallery-figcaption-wrap\" style=\"\"><\/div><\/FIGCAPTION><\/FIGURE><FIGURE class=\"grid-gallery-caption\" data-grid-gallery-type=\"quarter-slide-up\" data-index=\"11\" style=\"display:none;border-radius:00;; margin:5.3px; width:2150;\" ><div class=\"crop\" style=\" width:2150; height:2150; overflow:hidden;\"><img decoding=\"async\" src=\"http:\/\/www.irishsetter.sk\/wp-content\/uploads\/2020\/01\/1651-215x215.jpg\" class=\"ggImg\" alt=\"165[1]\" title=\"165[1]\" data-description=\"165[1]\" data-caption=\"165[1]\" data-title=\"165[1]\" style=\" width:215px; height:215px;\" \/><\/div><FIGCAPTION class=\"\" data-alpha=\"5\" style=\"color:#ffffff; background-color:#6f0000; font-size:140; text-align:2; font-family:Default;\" ><div class=\"grid-gallery-figcaption-wrap\" style=\"\"><\/div><\/FIGCAPTION><\/FIGURE><FIGURE class=\"grid-gallery-caption\" data-grid-gallery-type=\"quarter-slide-up\" data-index=\"12\" style=\"display:none;border-radius:00;; margin:5.3px; width:2150;\" ><div class=\"crop\" style=\" width:2150; height:2150; overflow:hidden;\"><img decoding=\"async\" src=\"http:\/\/www.irishsetter.sk\/wp-content\/uploads\/2020\/01\/1661-215x215.jpg\" class=\"ggImg\" alt=\"166[1]\" title=\"166[1]\" data-description=\"166[1]\" data-caption=\"166[1]\" data-title=\"166[1]\" style=\" width:215px; height:215px;\" \/><\/div><FIGCAPTION class=\"\" data-alpha=\"5\" style=\"color:#ffffff; background-color:#6f0000; font-size:140; text-align:2; font-family:Default;\" ><div class=\"grid-gallery-figcaption-wrap\" style=\"\"><\/div><\/FIGCAPTION><\/FIGURE><FIGURE class=\"grid-gallery-caption\" data-grid-gallery-type=\"quarter-slide-up\" data-index=\"13\" style=\"display:none;border-radius:00;; margin:5.3px; width:2150;\" ><div class=\"crop\" style=\" width:2150; height:2150; overflow:hidden;\"><img decoding=\"async\" src=\"http:\/\/www.irishsetter.sk\/wp-content\/uploads\/2020\/01\/1721-215x215.jpg\" class=\"ggImg\" alt=\"172[1]\" title=\"172[1]\" data-description=\"172[1]\" data-caption=\"172[1]\" data-title=\"172[1]\" style=\" width:215px; height:215px;\" \/><\/div><FIGCAPTION class=\"\" data-alpha=\"5\" style=\"color:#ffffff; background-color:#6f0000; font-size:140; text-align:2; font-family:Default;\" ><div class=\"grid-gallery-figcaption-wrap\" style=\"\"><\/div><\/FIGCAPTION><\/FIGURE> <div class=\"grid-gallery-clearfix\"><\/div> <\/div> <div class=\"gallery-sharing-bottom\"><\/div> <div class=\"grid-gallery-clearfix\"><\/div> <\/div> <!-- Gallery by Supsystic plugin1.15.21 --><a title=\"Wordpress Gallery Plugin Free\" style=\"display:none;\" href=\"https:\/\/supsystic.com\/plugins\/photo-gallery\/?utm_medium=love_link\" target=\"_blank\">Wordpress Gallery Plugin Free<\/a>\n","protected":false},"excerpt":{"rendered":"<p>Born:&nbsp;23.09.2014 DBK:&nbsp;0\/0 \u2013 ASPKP:&nbsp;1879Titles:&nbsp;JCH SR, CHSR,Exam:&nbsp;TAN B.Kostol 17.10.2015 \u2013 passed,DERBY solo Vl\u010dany 15.4.2016 \u2013 D, 9b.&nbsp;NFT Blatn\u00e9 16.10.2016 derby solo \u2013 VD 15b. Exhibitions 2018 03.02.2018 MVP Brno working class:\u00a0 \u00a0V1, CAC\u00a0 \u00a0Burski W. \/PL\/04.02.2018 MVP Brno working class :\u00a0 \u00a0V1, CAC, CACIB, BOB\u00a0 Stokmari H. \/FIN\/ Exhibitions 2017 MVP Nitra 14.01.2017 \u2013 working class: [&hellip;]<\/p>\n","protected":false},"author":4,"featured_media":0,"parent":0,"menu_order":0,"comment_status":"closed","ping_status":"closed","template":"","meta":{"footnotes":""},"_links":{"self":[{"href":"https:\/\/www.irishsetter.sk\/index.php?rest_route=\/wp\/v2\/pages\/946"}],"collection":[{"href":"https:\/\/www.irishsetter.sk\/index.php?rest_route=\/wp\/v2\/pages"}],"about":[{"href":"https:\/\/www.irishsetter.sk\/index.php?rest_route=\/wp\/v2\/types\/page"}],"author":[{"embeddable":true,"href":"https:\/\/www.irishsetter.sk\/index.php?rest_route=\/wp\/v2\/users\/4"}],"replies":[{"embeddable":true,"href":"https:\/\/www.irishsetter.sk\/index.php?rest_route=%2Fwp%2Fv2%2Fcomments&post=946"}],"version-history":[{"count":5,"href":"https:\/\/www.irishsetter.sk\/index.php?rest_route=\/wp\/v2\/pages\/946\/revisions"}],"predecessor-version":[{"id":1144,"href":"https:\/\/www.irishsetter.sk\/index.php?rest_route=\/wp\/v2\/pages\/946\/revisions\/1144"}],"wp:attachment":[{"href":"https:\/\/www.irishsetter.sk\/index.php?rest_route=%2Fwp%2Fv2%2Fmedia&parent=946"}],"curies":[{"name":"wp","href":"https:\/\/api.w.org\/{rel}","templated":true}]}}