{"id":956,"date":"2020-01-15T18:32:09","date_gmt":"2020-01-15T18:32:09","guid":{"rendered":"http:\/\/www.irishsetter.sk\/?page_id=956"},"modified":"2024-03-20T07:08:06","modified_gmt":"2024-03-20T07:08:06","slug":"uk-victory-jay-slovak-base-en","status":"publish","type":"page","link":"https:\/\/www.irishsetter.sk\/?page_id=956","title":{"rendered":"UK VICTORY Jay Slovak Base EN"},"content":{"rendered":"\n<p><strong>DBK:<\/strong>&nbsp;0\/0 A<strong><br>SPKP:<\/strong>&nbsp;1929<br><strong>Titles:<\/strong>&nbsp;JCH SR<br><\/p>\n\n\n\n<h3 class=\"wp-block-heading\">Exhibitions 2019<\/h3>\n\n\n\n<p><br> MVP Nitra 26.1.    V2  8 points<br> MVP Nitra 27.1.    V2  8  points <br> MVP Brno 2.2.    V1, Cajc    13  points <br> MVP Brno 3.2.    V1, Cajc, BOJ   18  points <br> KV Slavkov    V1, CAC 13  points <br> KV Lichenstein    V2, resCACA 11  points <br> KV Sladkovi\u010dovo 26.5.    V1, CAC 25  points <br> MVP Nitra 8. 6.    V1, CAC,CACIB, BOB  25  points <br> MVP Nitra 9. 6.    V1, CAC,resCACIB,   16  points <br> EDS 14.6.    V1, CACA    13  points <br> Austrian Winner 5.6    V1, CACA,   13  points <br> KV Konopi\u0161te 23. 6.     V1, CAC 13  points <br> KV Kamenny Mlyn    V1, CAC,    25  points <br> MVP Bratislava 17.8.    V1, CAC, resCACIB   16  points <br> MVP Bratislava 18.8.    V1, CAC 13  points <br> MVP TULLN 28.9.    V1, CACA,   13  points <br> MVP Komarom 4.10    V2, resCAC  11  points <br> MVP Komarom 6.10    V2, resCAC  11  points <br> MVP Bratislava 27. 10.    V1, CAC 13  points <br> MVP Bratislava 28. 10    V1, CAC 13  points <br> KV Zagreb 22.11    V1, CAC 13  points <br> MVP Zagreb 23.11.    V1, CAC, resCACIB   16  points <br> MVP Zagreb 24.11.    V1, CAC 13  points <br> MVP Nitra 7.12.    V1, CAC 13  points <br> MVP Nitra 8.12.    V1, CAC, resCACIB   16  points <br><strong>   Together 362  points <\/strong><\/p>\n\n\n\n<h3 class=\"wp-block-heading\">Exhibitions 2018<\/h3>\n\n\n\n<p>03.02.2018 MVP Brno younger class:&nbsp; &nbsp; VN2&nbsp; &nbsp; Burski W. \/PL\/<br>10.02.2018 MVP Nitra class  sapling :&nbsp; &nbsp; &nbsp;VN1&nbsp; &nbsp; Piskay V. \/SK\/<br>11.02.2018 MVP Nitra class  sapling : &nbsp;VN1 .&nbsp; Janek J. \/SK\/&nbsp;<br>12.05.2018 KV Slavkov class young:&nbsp; &nbsp; &nbsp; &nbsp; V1, CAJC, BOJ,Best Junior of th Breed&nbsp; Salamon L. \/Tal.\/<br>27.05.2018 KV Sladkovi\u010dovo  class young:  V1,CAJC,BOJ, Klub.v\u00ed\u0165az&nbsp; &nbsp;Leti\u0107-Pajki\u0107 \/SRB\/<br>08.06.2018 MVP Nitra  class young: &nbsp; &nbsp; &nbsp; &nbsp; &nbsp; &nbsp;V1,CAJC&nbsp; &nbsp;Homem \/POR\/<br>09.06.2018 MVP Nitra  class young: &nbsp; &nbsp; &nbsp; &nbsp; &nbsp; &nbsp;V1,CAJC&nbsp; &nbsp;Vojtekova \/SK\/<br>10.06.2018 MVP Nitra  class young: &nbsp; &nbsp; &nbsp; &nbsp; &nbsp; &nbsp;V1,CAJC,BOJ, Derby Winner&nbsp; Fintorova&nbsp; \/SK\/<br>23.06.2018 MVP Brno  class young:  &nbsp; &nbsp; &nbsp; &nbsp; &nbsp; V2&nbsp; &nbsp;Havelka \/SK\/<\/p>\n\n\n\n<h3 class=\"wp-block-heading\"> Exhibitions  2017<\/h3>\n\n\n\n<p>09.12.2017 MVP Nitra&nbsp; younger class:  : VN1&nbsp; &nbsp;Lovenkjaer \/<\/p>\n\n\n<div id=\"grid-gallery-24-41976\" data-gg-id=\"24\" data-title=\"UK VICTORY\" data-grid-type=\"0\" data-offset=\"5.3\" data-area-position=\"center\" data-icons=\"\" data-preloader=\"true\" data-width=\"215\" data-height=\"215\" data-padding=\"0\" data-quicksand=\"disabled\" data-quicksand-duration=\"1800\" data-popup-theme=\"theme_6\" data-popup-type=\"pretty-photo\" data-popup-image-text=\"data-description\" data-popup-widthsize=\"auto\" data-popup-heightsize=\"auto\" data-popup-i18n-words=\"{&quot;close&quot;:&quot;close&quot;,&quot;next&quot;:&quot;next&quot;,&quot;previous&quot;:&quot;previous&quot;,&quot;start_slideshow&quot;:&quot;start slideshow&quot;,&quot;stop_slideshow&quot;:&quot;stop slideshow&quot;,&quot;image&quot;:&quot;image&quot;,&quot;of&quot;:&quot;of&quot;,&quot;prev&quot;:&quot;prev&quot;,&quot;cExpand&quot;:&quot;Expand&quot;,&quot;cPrevious&quot;:&quot;Previous&quot;,&quot;cNext&quot;:&quot;Next&quot;,&quot;cExpandStr&quot;:&quot;Expand the image&quot;,&quot;cRotate&quot;:&quot;Rotate&quot;,&quot;cDetails&quot;:&quot;Details&quot;}\" data-popup-slideshow=\"false\" data-popup-slideshow-speed=\"2500\" data-popup-hoverstop=\"true\" data-popup-slideshow-auto=\"false\" data-popup-background=\"\" data-popup-transparency=\"30\" data-popup-disable-history=\"\" data-popup-disable-changed-url=\"\" data-popup-border-type=\"\" data-popup-border-color=\"\" data-popup-border-width=\"\" data-popup-border-enable=\"\" data-fullscreen=\"false\" data-hide-tooltip=\"false\" data-caption-font-family=\"Default\" data-caption-text-size=\"140\" data-is-mobile=\"0\" data-caption-mobile=\"false\" data-hide-long-tltp-title=\"0\" data-caption-disabled-on-mobile=\"false\" data-popup-placement-type=\"0\" data-social-sharing=\"{&quot;enabled&quot;:&quot;&quot;,&quot;gallerySharing&quot;:{&quot;enabled&quot;:null,&quot;position&quot;:null},&quot;imageSharing&quot;:{&quot;enabled&quot;:null,&quot;wrapperClass&quot;:&quot; vertical &quot;},&quot;popupSharing&quot;:{&quot;enabled&quot;:null,&quot;wrapperClass&quot;:&quot; vertical &quot;}}\" class=\"grid-gallery grid-gallery-fixed \" style=\" width:100%; height:auto; margin-left:auto; margin-right:auto;position:relative;\"> <div class=\"gallery-loading\"> <div class=\"blocks\"> <div class=\"block\"><\/div> <div class=\"block\"><\/div> <div class=\"block\"><\/div> <div class=\"block\"><\/div> <\/div> <\/div> <div class=\"gallery-sharing-top\"><\/div> <div id=\"photos-24\" class=\"grid-gallery-photos\"><FIGURE class=\"grid-gallery-caption\" data-grid-gallery-type=\"quarter-slide-up\" data-index=\"0\" style=\"display:none;border-radius:00;; margin:5.3px; width:2150;\" ><div class=\"crop\" style=\" width:2150; height:2150; overflow:hidden;\"><img decoding=\"async\" src=\"http:\/\/www.irishsetter.sk\/wp-content\/uploads\/2020\/01\/1581-215x215.jpg\" class=\"ggImg\" alt=\"158[1]\" title=\"158[1]\" data-description=\"158[1]\" data-caption=\"158[1]\" data-title=\"158[1]\" style=\" width:215px; height:215px;\" \/><\/div><FIGCAPTION class=\"\" data-alpha=\"5\" style=\"color:#ffffff; background-color:#6f0000; font-size:140; text-align:2; font-family:Default;\" ><div class=\"grid-gallery-figcaption-wrap\" style=\"\"><\/div><\/FIGCAPTION><\/FIGURE><FIGURE class=\"grid-gallery-caption\" data-grid-gallery-type=\"quarter-slide-up\" data-index=\"1\" style=\"display:none;border-radius:00;; margin:5.3px; width:2150;\" ><div class=\"crop\" style=\" width:2150; height:2150; overflow:hidden;\"><img decoding=\"async\" src=\"http:\/\/www.irishsetter.sk\/wp-content\/uploads\/2020\/01\/1591-215x215.jpg\" class=\"ggImg\" alt=\"159[1]\" title=\"159[1]\" data-description=\"159[1]\" data-caption=\"159[1]\" data-title=\"159[1]\" style=\" width:215px; height:215px;\" \/><\/div><FIGCAPTION class=\"\" data-alpha=\"5\" style=\"color:#ffffff; background-color:#6f0000; font-size:140; text-align:2; font-family:Default;\" ><div class=\"grid-gallery-figcaption-wrap\" style=\"\"><\/div><\/FIGCAPTION><\/FIGURE><FIGURE class=\"grid-gallery-caption\" data-grid-gallery-type=\"quarter-slide-up\" data-index=\"2\" style=\"display:none;border-radius:00;; margin:5.3px; width:2150;\" ><div class=\"crop\" style=\" width:2150; height:2150; overflow:hidden;\"><img decoding=\"async\" src=\"http:\/\/www.irishsetter.sk\/wp-content\/uploads\/2020\/01\/1601-215x215.jpg\" class=\"ggImg\" alt=\"160[1]\" title=\"160[1]\" data-description=\"160[1]\" data-caption=\"160[1]\" data-title=\"160[1]\" style=\" width:215px; height:215px;\" \/><\/div><FIGCAPTION class=\"\" data-alpha=\"5\" style=\"color:#ffffff; background-color:#6f0000; font-size:140; text-align:2; font-family:Default;\" ><div class=\"grid-gallery-figcaption-wrap\" style=\"\"><\/div><\/FIGCAPTION><\/FIGURE><FIGURE class=\"grid-gallery-caption\" data-grid-gallery-type=\"quarter-slide-up\" data-index=\"3\" style=\"display:none;border-radius:00;; margin:5.3px; width:2150;\" ><div class=\"crop\" style=\" width:2150; height:2150; overflow:hidden;\"><img decoding=\"async\" src=\"http:\/\/www.irishsetter.sk\/wp-content\/uploads\/2020\/01\/1611-215x215.jpg\" class=\"ggImg\" alt=\"161[1]\" title=\"161[1]\" data-description=\"161[1]\" data-caption=\"161[1]\" data-title=\"161[1]\" style=\" width:215px; height:215px;\" \/><\/div><FIGCAPTION class=\"\" data-alpha=\"5\" style=\"color:#ffffff; background-color:#6f0000; font-size:140; text-align:2; font-family:Default;\" ><div class=\"grid-gallery-figcaption-wrap\" style=\"\"><\/div><\/FIGCAPTION><\/FIGURE><FIGURE class=\"grid-gallery-caption\" data-grid-gallery-type=\"quarter-slide-up\" data-index=\"4\" style=\"display:none;border-radius:00;; margin:5.3px; width:2150;\" ><div class=\"crop\" style=\" width:2150; height:2150; overflow:hidden;\"><img decoding=\"async\" src=\"http:\/\/www.irishsetter.sk\/wp-content\/uploads\/2020\/01\/1681-215x215.jpg\" class=\"ggImg\" alt=\"168[1]\" title=\"168[1]\" data-description=\"168[1]\" data-caption=\"168[1]\" data-title=\"168[1]\" style=\" width:215px; height:215px;\" \/><\/div><FIGCAPTION class=\"\" data-alpha=\"5\" style=\"color:#ffffff; background-color:#6f0000; font-size:140; text-align:2; font-family:Default;\" ><div class=\"grid-gallery-figcaption-wrap\" style=\"\"><\/div><\/FIGCAPTION><\/FIGURE><FIGURE class=\"grid-gallery-caption\" data-grid-gallery-type=\"quarter-slide-up\" data-index=\"5\" style=\"display:none;border-radius:00;; margin:5.3px; width:2150;\" ><div class=\"crop\" style=\" width:2150; height:2150; overflow:hidden;\"><img decoding=\"async\" src=\"http:\/\/www.irishsetter.sk\/wp-content\/uploads\/2020\/01\/1731-215x215.jpg\" class=\"ggImg\" alt=\"173[1]\" title=\"173[1]\" data-description=\"173[1]\" data-caption=\"173[1]\" data-title=\"173[1]\" style=\" width:215px; height:215px;\" \/><\/div><FIGCAPTION class=\"\" data-alpha=\"5\" style=\"color:#ffffff; background-color:#6f0000; font-size:140; text-align:2; font-family:Default;\" ><div class=\"grid-gallery-figcaption-wrap\" style=\"\"><\/div><\/FIGCAPTION><\/FIGURE><FIGURE class=\"grid-gallery-caption\" data-grid-gallery-type=\"quarter-slide-up\" data-index=\"6\" style=\"display:none;border-radius:00;; margin:5.3px; width:2150;\" ><div class=\"crop\" style=\" width:2150; height:2150; overflow:hidden;\"><img decoding=\"async\" src=\"http:\/\/www.irishsetter.sk\/wp-content\/uploads\/2020\/01\/1741-215x215.jpg\" class=\"ggImg\" alt=\"174[1]\" title=\"174[1]\" data-description=\"174[1]\" data-caption=\"174[1]\" data-title=\"174[1]\" style=\" width:215px; height:215px;\" \/><\/div><FIGCAPTION class=\"\" data-alpha=\"5\" style=\"color:#ffffff; background-color:#6f0000; font-size:140; text-align:2; font-family:Default;\" ><div class=\"grid-gallery-figcaption-wrap\" style=\"\"><\/div><\/FIGCAPTION><\/FIGURE><FIGURE class=\"grid-gallery-caption\" data-grid-gallery-type=\"quarter-slide-up\" data-index=\"7\" style=\"display:none;border-radius:00;; margin:5.3px; width:2150;\" ><div class=\"crop\" style=\" width:2150; height:2150; overflow:hidden;\"><img decoding=\"async\" src=\"http:\/\/www.irishsetter.sk\/wp-content\/uploads\/2020\/01\/1751-1-215x215.jpg\" class=\"ggImg\" alt=\"175[1]\" title=\"175[1]\" data-description=\"175[1]\" data-caption=\"175[1]\" data-title=\"175[1]\" style=\" width:215px; height:215px;\" \/><\/div><FIGCAPTION class=\"\" data-alpha=\"5\" style=\"color:#ffffff; background-color:#6f0000; font-size:140; text-align:2; font-family:Default;\" ><div class=\"grid-gallery-figcaption-wrap\" style=\"\"><\/div><\/FIGCAPTION><\/FIGURE><FIGURE class=\"grid-gallery-caption\" data-grid-gallery-type=\"quarter-slide-up\" data-index=\"8\" style=\"display:none;border-radius:00;; margin:5.3px; width:2150;\" ><div class=\"crop\" style=\" width:2150; height:2150; overflow:hidden;\"><img decoding=\"async\" src=\"http:\/\/www.irishsetter.sk\/wp-content\/uploads\/2020\/01\/1761-215x215.jpg\" class=\"ggImg\" alt=\"176[1]\" title=\"176[1]\" data-description=\"176[1]\" data-caption=\"176[1]\" data-title=\"176[1]\" style=\" width:215px; height:215px;\" \/><\/div><FIGCAPTION class=\"\" data-alpha=\"5\" style=\"color:#ffffff; background-color:#6f0000; font-size:140; text-align:2; font-family:Default;\" ><div class=\"grid-gallery-figcaption-wrap\" style=\"\"><\/div><\/FIGCAPTION><\/FIGURE><FIGURE class=\"grid-gallery-caption\" data-grid-gallery-type=\"quarter-slide-up\" data-index=\"9\" style=\"display:none;border-radius:00;; margin:5.3px; width:2150;\" ><div class=\"crop\" style=\" width:2150; height:2150; overflow:hidden;\"><img decoding=\"async\" src=\"http:\/\/www.irishsetter.sk\/wp-content\/uploads\/2020\/01\/1771-215x215.jpg\" class=\"ggImg\" alt=\"177[1]\" title=\"177[1]\" data-description=\"177[1]\" data-caption=\"177[1]\" data-title=\"177[1]\" style=\" width:215px; height:215px;\" \/><\/div><FIGCAPTION class=\"\" data-alpha=\"5\" style=\"color:#ffffff; background-color:#6f0000; font-size:140; text-align:2; font-family:Default;\" ><div class=\"grid-gallery-figcaption-wrap\" style=\"\"><\/div><\/FIGCAPTION><\/FIGURE><FIGURE class=\"grid-gallery-caption\" data-grid-gallery-type=\"quarter-slide-up\" data-index=\"10\" style=\"display:none;border-radius:00;; margin:5.3px; width:2150;\" ><div class=\"crop\" style=\" width:2150; height:2150; overflow:hidden;\"><img decoding=\"async\" src=\"http:\/\/www.irishsetter.sk\/wp-content\/uploads\/2020\/01\/1831-215x215.jpg\" class=\"ggImg\" alt=\"183[1]\" title=\"183[1]\" data-description=\"183[1]\" data-caption=\"183[1]\" data-title=\"183[1]\" style=\" width:215px; height:215px;\" \/><\/div><FIGCAPTION class=\"\" data-alpha=\"5\" style=\"color:#ffffff; background-color:#6f0000; font-size:140; text-align:2; font-family:Default;\" ><div class=\"grid-gallery-figcaption-wrap\" style=\"\"><\/div><\/FIGCAPTION><\/FIGURE> <div class=\"grid-gallery-clearfix\"><\/div> <\/div> <div class=\"gallery-sharing-bottom\"><\/div> <div class=\"grid-gallery-clearfix\"><\/div> <\/div> <!-- Gallery by Supsystic plugin1.15.21 --><a title=\"Wordpress Gallery Plugin Free\" style=\"display:none;\" href=\"https:\/\/supsystic.com\/plugins\/photo-gallery\/?utm_medium=love_link\" target=\"_blank\">Wordpress Gallery Plugin Free<\/a>\n","protected":false},"excerpt":{"rendered":"<p>DBK:&nbsp;0\/0 ASPKP:&nbsp;1929Titles:&nbsp;JCH SR Exhibitions 2019 MVP Nitra 26.1. V2 8 points MVP Nitra 27.1. V2 8 points MVP Brno 2.2. V1, Cajc 13 points MVP Brno 3.2. V1, Cajc, BOJ 18 points KV Slavkov V1, CAC 13 points KV Lichenstein V2, resCACA 11 points KV Sladkovi\u010dovo 26.5. V1, CAC 25 points MVP Nitra 8. 6. [&hellip;]<\/p>\n","protected":false},"author":4,"featured_media":0,"parent":0,"menu_order":0,"comment_status":"closed","ping_status":"closed","template":"","meta":{"footnotes":""},"_links":{"self":[{"href":"https:\/\/www.irishsetter.sk\/index.php?rest_route=\/wp\/v2\/pages\/956"}],"collection":[{"href":"https:\/\/www.irishsetter.sk\/index.php?rest_route=\/wp\/v2\/pages"}],"about":[{"href":"https:\/\/www.irishsetter.sk\/index.php?rest_route=\/wp\/v2\/types\/page"}],"author":[{"embeddable":true,"href":"https:\/\/www.irishsetter.sk\/index.php?rest_route=\/wp\/v2\/users\/4"}],"replies":[{"embeddable":true,"href":"https:\/\/www.irishsetter.sk\/index.php?rest_route=%2Fwp%2Fv2%2Fcomments&post=956"}],"version-history":[{"count":5,"href":"https:\/\/www.irishsetter.sk\/index.php?rest_route=\/wp\/v2\/pages\/956\/revisions"}],"predecessor-version":[{"id":1236,"href":"https:\/\/www.irishsetter.sk\/index.php?rest_route=\/wp\/v2\/pages\/956\/revisions\/1236"}],"wp:attachment":[{"href":"https:\/\/www.irishsetter.sk\/index.php?rest_route=%2Fwp%2Fv2%2Fmedia&parent=956"}],"curies":[{"name":"wp","href":"https:\/\/api.w.org\/{rel}","templated":true}]}}