{"id":993,"date":"2020-01-17T11:19:10","date_gmt":"2020-01-17T11:19:10","guid":{"rendered":"http:\/\/www.irishsetter.sk\/?page_id=993"},"modified":"2024-03-20T07:04:30","modified_gmt":"2024-03-20T07:04:30","slug":"litter-b","status":"publish","type":"page","link":"https:\/\/www.irishsetter.sk\/?page_id=993","title":{"rendered":"LITTER B"},"content":{"rendered":"\n<p> Birth of puppies : 13.07.1997<\/p>\n\n\n\n<p>Father: Vicary\u2019s Noble-Son \u00a0 Matka: Viky Me\u0161kov dvor<\/p>\n\n\n\n<p>Born 5 puppies, all females<\/p>\n\n\n\n<p>Famales:<\/p>\n\n\n\n<p>Beauty Jay Slovak Base, tet.\u010d.: 1225, Died, owner: Dagmar Sojkov\u00e1 <\/p>\n\n\n\n<p>Brenda Jay Slovak Base, tet.\u010d.: 1226,\u00a0 died, owner: Karol Me\u0161ko, Ivanka pri Dunaji<\/p>\n\n\n\n<p>Bessie Jay Slovak Base, tet.\u010d.: 1227<\/p>\n\n\n\n<p>Belinda Jay Slovak Base, tet.\u010d.: 1228,\u00a0 died, owner: ???, \u017dilina<\/p>\n\n\n\n<p>Brook Jay Slovak Base, tet.\u010d.: 1229<\/p>\n","protected":false},"excerpt":{"rendered":"<p>Birth of puppies : 13.07.1997 Father: Vicary\u2019s Noble-Son \u00a0 Matka: Viky Me\u0161kov dvor Born 5 puppies, all females Famales: Beauty Jay Slovak Base, tet.\u010d.: 1225, Died, owner: Dagmar Sojkov\u00e1 Brenda Jay Slovak Base, tet.\u010d.: 1226,\u00a0 died, owner: Karol Me\u0161ko, Ivanka pri Dunaji Bessie Jay Slovak Base, tet.\u010d.: 1227 Belinda Jay Slovak Base, tet.\u010d.: 1228,\u00a0 died, [&hellip;]<\/p>\n","protected":false},"author":4,"featured_media":0,"parent":0,"menu_order":0,"comment_status":"closed","ping_status":"closed","template":"","meta":{"footnotes":""},"_links":{"self":[{"href":"https:\/\/www.irishsetter.sk\/index.php?rest_route=\/wp\/v2\/pages\/993"}],"collection":[{"href":"https:\/\/www.irishsetter.sk\/index.php?rest_route=\/wp\/v2\/pages"}],"about":[{"href":"https:\/\/www.irishsetter.sk\/index.php?rest_route=\/wp\/v2\/types\/page"}],"author":[{"embeddable":true,"href":"https:\/\/www.irishsetter.sk\/index.php?rest_route=\/wp\/v2\/users\/4"}],"replies":[{"embeddable":true,"href":"https:\/\/www.irishsetter.sk\/index.php?rest_route=%2Fwp%2Fv2%2Fcomments&post=993"}],"version-history":[{"count":3,"href":"https:\/\/www.irishsetter.sk\/index.php?rest_route=\/wp\/v2\/pages\/993\/revisions"}],"predecessor-version":[{"id":1183,"href":"https:\/\/www.irishsetter.sk\/index.php?rest_route=\/wp\/v2\/pages\/993\/revisions\/1183"}],"wp:attachment":[{"href":"https:\/\/www.irishsetter.sk\/index.php?rest_route=%2Fwp%2Fv2%2Fmedia&parent=993"}],"curies":[{"name":"wp","href":"https:\/\/api.w.org\/{rel}","templated":true}]}}